{"id":5076,"date":"2026-03-10T17:01:39","date_gmt":"2026-03-10T17:01:39","guid":{"rendered":"https:\/\/maasgroup.eu\/?post_type=product&#038;p=5076"},"modified":"2026-03-17T20:33:32","modified_gmt":"2026-03-17T20:33:32","slug":"svogunu-sejinukai-setton","status":"publish","type":"product","link":"https:\/\/maasgroup.eu\/lv\/product\/svogunu-sejinukai-setton\/","title":{"rendered":"S\u012bpolu st\u0101di SETTON"},"content":{"rendered":"","protected":false},"excerpt":{"rendered":"<h2 data-section-id=\"1sslkly\" data-start=\"1931\" data-end=\"1958\">S\u012bpolu st\u0101di SETTON<\/h2>\n<p data-start=\"1959\" data-end=\"2275\">Svog\u016bn\u0173 s\u0117jinukai \u201eSetton\u201c \u2013 viena populiariausi\u0173 ir patikimiausi\u0173 svog\u016bn\u0173 veisli\u0173. \u0160i veisl\u0117 formuoja vienodo dyd\u017eio svog\u016bnus, pasi\u017eymin\u010dius vidutini\u0161kai a\u0161triu skoniu ir labai geru laikymu. \u201eSetton\u201c svog\u016bnai puikiai dera net sud\u0117tingesn\u0117mis augimo s\u0105lygomis, tod\u0117l yra da\u017enas pasirinkimas Lietuvos sodinink\u0173 tarpe.<\/p>\n<p data-start=\"2277\" data-end=\"2354\">","protected":false},"featured_media":5075,"comment_status":"open","ping_status":"closed","template":"","meta":{"om_disable_all_campaigns":false,"_uag_custom_page_level_css":"","_monsterinsights_skip_tracking":false,"_monsterinsights_sitenote_active":false,"_monsterinsights_sitenote_note":"","_monsterinsights_sitenote_category":0,"site-sidebar-layout":"default","site-content-layout":"","ast-site-content-layout":"default","site-content-style":"default","site-sidebar-style":"default","ast-global-header-display":"","ast-banner-title-visibility":"","ast-main-header-display":"","ast-hfb-above-header-display":"","ast-hfb-below-header-display":"","ast-hfb-mobile-header-display":"","site-post-title":"","ast-breadcrumbs-content":"","ast-featured-img":"","footer-sml-layout":"","ast-disable-related-posts":"","theme-transparent-header-meta":"default","adv-header-id-meta":"","stick-header-meta":"","header-above-stick-meta":"","header-main-stick-meta":"","header-below-stick-meta":"","astra-migrate-meta-layouts":"set","ast-page-background-enabled":"default","ast-page-background-meta":{"desktop":{"background-color":"var(--ast-global-color-4)","background-image":"","background-repeat":"repeat","background-position":"center center","background-size":"auto","background-attachment":"scroll","background-type":"","background-media":"","overlay-type":"","overlay-color":"","overlay-opacity":"","overlay-gradient":""},"tablet":{"background-color":"","background-image":"","background-repeat":"repeat","background-position":"center center","background-size":"auto","background-attachment":"scroll","background-type":"","background-media":"","overlay-type":"","overlay-color":"","overlay-opacity":"","overlay-gradient":""},"mobile":{"background-color":"","background-image":"","background-repeat":"repeat","background-position":"center center","background-size":"auto","background-attachment":"scroll","background-type":"","background-media":"","overlay-type":"","overlay-color":"","overlay-opacity":"","overlay-gradient":""}},"ast-content-background-meta":{"desktop":{"background-color":"var(--ast-global-color-5)","background-image":"","background-repeat":"repeat","background-position":"center center","background-size":"auto","background-attachment":"scroll","background-type":"","background-media":"","overlay-type":"","overlay-color":"","overlay-opacity":"","overlay-gradient":""},"tablet":{"background-color":"var(--ast-global-color-5)","background-image":"","background-repeat":"repeat","background-position":"center center","background-size":"auto","background-attachment":"scroll","background-type":"","background-media":"","overlay-type":"","overlay-color":"","overlay-opacity":"","overlay-gradient":""},"mobile":{"background-color":"var(--ast-global-color-5)","background-image":"","background-repeat":"repeat","background-position":"center center","background-size":"auto","background-attachment":"scroll","background-type":"","background-media":"","overlay-type":"","overlay-color":"","overlay-opacity":"","overlay-gradient":""}}},"product_brand":[],"product_cat":[146],"product_tag":[],"class_list":{"0":"post-5076","1":"product","2":"type-product","3":"status-publish","4":"has-post-thumbnail","6":"product_cat-sodinukai","7":"desktop-align-left","8":"tablet-align-left","9":"mobile-align-left","11":"first","12":"outofstock","13":"taxable","14":"shipping-taxable","15":"purchasable","16":"product-type-variable"},"aioseo_notices":[],"uagb_featured_image_src":{"full":["https:\/\/maasgroup.eu\/wp-content\/uploads\/2026\/03\/cupido-sets-and-mature-onions__61826.jpg",1280,960,false],"thumbnail":["https:\/\/maasgroup.eu\/wp-content\/uploads\/2026\/03\/cupido-sets-and-mature-onions__61826-150x150.jpg",150,150,true],"medium":["https:\/\/maasgroup.eu\/wp-content\/uploads\/2026\/03\/cupido-sets-and-mature-onions__61826-300x225.jpg",300,225,true],"medium_large":["https:\/\/maasgroup.eu\/wp-content\/uploads\/2026\/03\/cupido-sets-and-mature-onions__61826-768x576.jpg",768,576,true],"large":["https:\/\/maasgroup.eu\/wp-content\/uploads\/2026\/03\/cupido-sets-and-mature-onions__61826-1024x768.jpg",1024,768,true],"1536x1536":["https:\/\/maasgroup.eu\/wp-content\/uploads\/2026\/03\/cupido-sets-and-mature-onions__61826.jpg",1280,960,false],"2048x2048":["https:\/\/maasgroup.eu\/wp-content\/uploads\/2026\/03\/cupido-sets-and-mature-onions__61826.jpg",1280,960,false],"trp-custom-language-flag":["https:\/\/maasgroup.eu\/wp-content\/uploads\/2026\/03\/cupido-sets-and-mature-onions__61826-16x12.jpg",16,12,true],"woocommerce_thumbnail":["https:\/\/maasgroup.eu\/wp-content\/uploads\/2026\/03\/cupido-sets-and-mature-onions__61826-600x450.jpg",600,450,true],"woocommerce_single":["https:\/\/maasgroup.eu\/wp-content\/uploads\/2026\/03\/cupido-sets-and-mature-onions__61826-600x450.jpg",600,450,true],"woocommerce_gallery_thumbnail":["https:\/\/maasgroup.eu\/wp-content\/uploads\/2026\/03\/cupido-sets-and-mature-onions__61826-100x100.jpg",100,100,true]},"uagb_author_info":{"display_name":"Raimondas Serva","author_link":"https:\/\/maasgroup.eu\/lv\/author\/"},"uagb_comment_info":0,"uagb_excerpt":"Svog\u016bn\u0173 s\u0117jinukai SETTON Svog\u016bn\u0173 s\u0117jinukai \u201eSetton\u201c \u2013 viena populiariausi\u0173 ir patikimiausi\u0173 svog\u016bn\u0173 veisli\u0173. \u0160i veisl\u0117 formuoja vienodo dyd\u017eio svog\u016bnus, pasi\u017eymin\u010dius vidutini\u0161kai a\u0161triu skoniu ir labai geru laikymu. \u201eSetton\u201c svog\u016bnai puikiai dera net sud\u0117tingesn\u0117mis augimo s\u0105lygomis, tod\u0117l yra da\u017enas pasirinkimas Lietuvos sodinink\u0173 tarpe.","_links":{"self":[{"href":"https:\/\/maasgroup.eu\/lv\/wp-json\/wp\/v2\/product\/5076","targetHints":{"allow":["GET"]}}],"collection":[{"href":"https:\/\/maasgroup.eu\/lv\/wp-json\/wp\/v2\/product"}],"about":[{"href":"https:\/\/maasgroup.eu\/lv\/wp-json\/wp\/v2\/types\/product"}],"replies":[{"embeddable":true,"href":"https:\/\/maasgroup.eu\/lv\/wp-json\/wp\/v2\/comments?post=5076"}],"wp:featuredmedia":[{"embeddable":true,"href":"https:\/\/maasgroup.eu\/lv\/wp-json\/wp\/v2\/media\/5075"}],"wp:attachment":[{"href":"https:\/\/maasgroup.eu\/lv\/wp-json\/wp\/v2\/media?parent=5076"}],"wp:term":[{"taxonomy":"product_brand","embeddable":true,"href":"https:\/\/maasgroup.eu\/lv\/wp-json\/wp\/v2\/product_brand?post=5076"},{"taxonomy":"product_cat","embeddable":true,"href":"https:\/\/maasgroup.eu\/lv\/wp-json\/wp\/v2\/product_cat?post=5076"},{"taxonomy":"product_tag","embeddable":true,"href":"https:\/\/maasgroup.eu\/lv\/wp-json\/wp\/v2\/product_tag?post=5076"}],"curies":[{"name":"wp","href":"https:\/\/api.w.org\/{rel}","templated":true}]}}