{"id":5072,"date":"2026-03-10T16:58:31","date_gmt":"2026-03-10T16:58:31","guid":{"rendered":"https:\/\/maasgroup.eu\/?post_type=product&#038;p=5072"},"modified":"2026-03-17T20:33:42","modified_gmt":"2026-03-17T20:33:42","slug":"svogunu-sejinukai-crusado-hibridiniai","status":"publish","type":"product","link":"https:\/\/maasgroup.eu\/lv\/product\/svogunu-sejinukai-crusado-hibridiniai\/","title":{"rendered":"S\u012bpolu st\u0101di CRUSADO hibr\u012bds"},"content":{"rendered":"","protected":false},"excerpt":{"rendered":"<h2 data-section-id=\"qpd04c\" data-start=\"1489\" data-end=\"1517\">Svog\u016bn\u0173 s\u0117jinukai CRUSADO<\/h2>\n<p data-start=\"1518\" data-end=\"1844\">Svog\u016bn\u0173 s\u0117jinukai \u201eCrusado\u201c \u2013 vidutinio ankstyvumo veisl\u0117, pasi\u017eyminti stipriais augalais ir puikiu laikymu. \u0160ios veisl\u0117s svog\u016bnai yra tank\u016bs, tvirti ir atspar\u016bs ligoms, tod\u0117l puikiai tinka ilgam sand\u0117liavimui. \u201eCrusado\u201c rekomenduojami auginti tiek m\u0117g\u0117ji\u0161kuose dar\u017euose, tiek \u016bkiuose, siekiant stabilaus ir patikimo derliaus.<\/p>\n<p data-start=\"1846\" data-end=\"1924\">","protected":false},"featured_media":5075,"comment_status":"open","ping_status":"closed","template":"","meta":{"om_disable_all_campaigns":false,"_uag_custom_page_level_css":"","_monsterinsights_skip_tracking":false,"_monsterinsights_sitenote_active":false,"_monsterinsights_sitenote_note":"","_monsterinsights_sitenote_category":0,"site-sidebar-layout":"default","site-content-layout":"","ast-site-content-layout":"default","site-content-style":"default","site-sidebar-style":"default","ast-global-header-display":"","ast-banner-title-visibility":"","ast-main-header-display":"","ast-hfb-above-header-display":"","ast-hfb-below-header-display":"","ast-hfb-mobile-header-display":"","site-post-title":"","ast-breadcrumbs-content":"","ast-featured-img":"","footer-sml-layout":"","ast-disable-related-posts":"","theme-transparent-header-meta":"default","adv-header-id-meta":"","stick-header-meta":"","header-above-stick-meta":"","header-main-stick-meta":"","header-below-stick-meta":"","astra-migrate-meta-layouts":"set","ast-page-background-enabled":"default","ast-page-background-meta":{"desktop":{"background-color":"var(--ast-global-color-4)","background-image":"","background-repeat":"repeat","background-position":"center center","background-size":"auto","background-attachment":"scroll","background-type":"","background-media":"","overlay-type":"","overlay-color":"","overlay-opacity":"","overlay-gradient":""},"tablet":{"background-color":"","background-image":"","background-repeat":"repeat","background-position":"center center","background-size":"auto","background-attachment":"scroll","background-type":"","background-media":"","overlay-type":"","overlay-color":"","overlay-opacity":"","overlay-gradient":""},"mobile":{"background-color":"","background-image":"","background-repeat":"repeat","background-position":"center center","background-size":"auto","background-attachment":"scroll","background-type":"","background-media":"","overlay-type":"","overlay-color":"","overlay-opacity":"","overlay-gradient":""}},"ast-content-background-meta":{"desktop":{"background-color":"var(--ast-global-color-5)","background-image":"","background-repeat":"repeat","background-position":"center center","background-size":"auto","background-attachment":"scroll","background-type":"","background-media":"","overlay-type":"","overlay-color":"","overlay-opacity":"","overlay-gradient":""},"tablet":{"background-color":"var(--ast-global-color-5)","background-image":"","background-repeat":"repeat","background-position":"center center","background-size":"auto","background-attachment":"scroll","background-type":"","background-media":"","overlay-type":"","overlay-color":"","overlay-opacity":"","overlay-gradient":""},"mobile":{"background-color":"var(--ast-global-color-5)","background-image":"","background-repeat":"repeat","background-position":"center center","background-size":"auto","background-attachment":"scroll","background-type":"","background-media":"","overlay-type":"","overlay-color":"","overlay-opacity":"","overlay-gradient":""}}},"product_brand":[],"product_cat":[146],"product_tag":[],"class_list":{"0":"post-5072","1":"product","2":"type-product","3":"status-publish","4":"has-post-thumbnail","6":"product_cat-sodinukai","7":"desktop-align-left","8":"tablet-align-left","9":"mobile-align-left","11":"first","12":"outofstock","13":"taxable","14":"shipping-taxable","15":"purchasable","16":"product-type-variable"},"aioseo_notices":[],"uagb_featured_image_src":{"full":["https:\/\/maasgroup.eu\/wp-content\/uploads\/2026\/03\/cupido-sets-and-mature-onions__61826.jpg",1280,960,false],"thumbnail":["https:\/\/maasgroup.eu\/wp-content\/uploads\/2026\/03\/cupido-sets-and-mature-onions__61826-150x150.jpg",150,150,true],"medium":["https:\/\/maasgroup.eu\/wp-content\/uploads\/2026\/03\/cupido-sets-and-mature-onions__61826-300x225.jpg",300,225,true],"medium_large":["https:\/\/maasgroup.eu\/wp-content\/uploads\/2026\/03\/cupido-sets-and-mature-onions__61826-768x576.jpg",768,576,true],"large":["https:\/\/maasgroup.eu\/wp-content\/uploads\/2026\/03\/cupido-sets-and-mature-onions__61826-1024x768.jpg",1024,768,true],"1536x1536":["https:\/\/maasgroup.eu\/wp-content\/uploads\/2026\/03\/cupido-sets-and-mature-onions__61826.jpg",1280,960,false],"2048x2048":["https:\/\/maasgroup.eu\/wp-content\/uploads\/2026\/03\/cupido-sets-and-mature-onions__61826.jpg",1280,960,false],"trp-custom-language-flag":["https:\/\/maasgroup.eu\/wp-content\/uploads\/2026\/03\/cupido-sets-and-mature-onions__61826-16x12.jpg",16,12,true],"woocommerce_thumbnail":["https:\/\/maasgroup.eu\/wp-content\/uploads\/2026\/03\/cupido-sets-and-mature-onions__61826-600x450.jpg",600,450,true],"woocommerce_single":["https:\/\/maasgroup.eu\/wp-content\/uploads\/2026\/03\/cupido-sets-and-mature-onions__61826-600x450.jpg",600,450,true],"woocommerce_gallery_thumbnail":["https:\/\/maasgroup.eu\/wp-content\/uploads\/2026\/03\/cupido-sets-and-mature-onions__61826-100x100.jpg",100,100,true]},"uagb_author_info":{"display_name":"Raimondas Serva","author_link":"https:\/\/maasgroup.eu\/lv\/author\/"},"uagb_comment_info":0,"uagb_excerpt":"Svog\u016bn\u0173 s\u0117jinukai CRUSADO Svog\u016bn\u0173 s\u0117jinukai \u201eCrusado\u201c \u2013 vidutinio ankstyvumo veisl\u0117, pasi\u017eyminti stipriais augalais ir puikiu laikymu. \u0160ios veisl\u0117s svog\u016bnai yra tank\u016bs, tvirti ir atspar\u016bs ligoms, tod\u0117l puikiai tinka ilgam sand\u0117liavimui. \u201eCrusado\u201c rekomenduojami auginti tiek m\u0117g\u0117ji\u0161kuose dar\u017euose, tiek \u016bkiuose, siekiant stabilaus ir patikimo derliaus.","_links":{"self":[{"href":"https:\/\/maasgroup.eu\/lv\/wp-json\/wp\/v2\/product\/5072","targetHints":{"allow":["GET"]}}],"collection":[{"href":"https:\/\/maasgroup.eu\/lv\/wp-json\/wp\/v2\/product"}],"about":[{"href":"https:\/\/maasgroup.eu\/lv\/wp-json\/wp\/v2\/types\/product"}],"replies":[{"embeddable":true,"href":"https:\/\/maasgroup.eu\/lv\/wp-json\/wp\/v2\/comments?post=5072"}],"wp:featuredmedia":[{"embeddable":true,"href":"https:\/\/maasgroup.eu\/lv\/wp-json\/wp\/v2\/media\/5075"}],"wp:attachment":[{"href":"https:\/\/maasgroup.eu\/lv\/wp-json\/wp\/v2\/media?parent=5072"}],"wp:term":[{"taxonomy":"product_brand","embeddable":true,"href":"https:\/\/maasgroup.eu\/lv\/wp-json\/wp\/v2\/product_brand?post=5072"},{"taxonomy":"product_cat","embeddable":true,"href":"https:\/\/maasgroup.eu\/lv\/wp-json\/wp\/v2\/product_cat?post=5072"},{"taxonomy":"product_tag","embeddable":true,"href":"https:\/\/maasgroup.eu\/lv\/wp-json\/wp\/v2\/product_tag?post=5072"}],"curies":[{"name":"wp","href":"https:\/\/api.w.org\/{rel}","templated":true}]}}