{"id":4876,"date":"2026-02-24T10:30:45","date_gmt":"2026-02-24T10:30:45","guid":{"rendered":"https:\/\/maasgroup.eu\/?post_type=product&#038;p=4876"},"modified":"2026-02-25T09:39:52","modified_gmt":"2026-02-25T09:39:52","slug":"laistymo-deze-basic-ir-auginimo-maisas-50l-komplektas","status":"publish","type":"product","link":"https:\/\/maasgroup.eu\/lv\/product\/laistymo-deze-basic-ir-auginimo-maisas-50l-komplektas\/","title":{"rendered":"BASIC laist\u012b\u0161anas kastes un 50 litru audz\u0113\u0161anas maisa komplekts"},"content":{"rendered":"<div style=\"box-sizing: border-box;\">\n<div><strong>PRISTATYMAS NUO KOVO 1 DIENOS!\u00a0<\/strong><\/div>\n<div><\/div>\n<div>Lejkannas pal\u012bgs ikvienam, kur\u0161 v\u0113las audz\u0113t savus kult\u016braugus.<\/div>\n<div>\n<div>Kastes izm\u0113ri 45X85X29<\/div>\n<div>\n<div>Materi\u0101ls \u2013 polistirols<\/div>\n<\/div>\n<\/div>\n<div><\/div>\n<div>\n<div style=\"box-sizing: border-box; color: #666666; font-family: Roboto, sans-serif; background-color: #ffffff;\">Ieteicams lietot kop\u0101 ar audz\u0113\u0161anas maisiem.<\/div>\n<div style=\"box-sizing: border-box; color: #666666; font-family: Roboto, sans-serif; background-color: #ffffff;\"><\/div>\n<div style=\"box-sizing: border-box; color: #666666; font-family: Roboto, sans-serif; background-color: #ffffff;\">Kastes ir ide\u0101li piem\u0113rotas lieto\u0161anai siltumn\u012bc\u0101, uz balkona vai \u0101r\u0101.<\/div>\n<div style=\"box-sizing: border-box; color: #666666; font-family: Roboto, sans-serif; background-color: #ffffff;\">Var audz\u0113t tom\u0101tus, gur\u0137us, zemenes, papriku, \u0137irbjus, pu\u0137es, gar\u0161augus un vis\u0101dus gardumus.<\/div>\n<div style=\"box-sizing: border-box; color: #666666; font-family: Roboto, sans-serif; background-color: #ffffff;\"><\/div>\n<div style=\"box-sizing: border-box; color: #666666; font-family: Roboto, sans-serif; background-color: #ffffff;\"><span style=\"box-sizing: border-box; font-weight: bold;\">K\u0101p\u0113c izv\u0113l\u0113ties laist\u012b\u0161anas kastes?\u00a0<\/span><\/div>\n<div style=\"box-sizing: border-box; color: #666666; font-family: Roboto, sans-serif; background-color: #ffffff;\"><span style=\"box-sizing: border-box; font-weight: bold;\">\u00a0<\/span><\/div>\n<div style=\"box-sizing: border-box; color: #666666; font-family: Roboto, sans-serif; background-color: #ffffff;\">\n<div style=\"box-sizing: border-box;\"><span style=\"box-sizing: border-box; font-weight: bold;\">+liela \u016bdens ietilp\u012bba, karst\u0101 laik\u0101 nav nepiecie\u0161ams laist\u012bt katru dienu (\u016bdens pietiek 1\u20132 ned\u0113\u013c\u0101m, atkar\u012bb\u0101 no gaisa temperat\u016bras);<\/span><\/div>\n<div style=\"box-sizing: border-box;\"><span style=\"box-sizing: border-box; font-weight: bold;\">+augiem caur sakn\u0113m vienm\u0113r tiek pieg\u0101d\u0101ts tik daudz \u016bdens, cik tiem nepiecie\u0161ams;<\/span><\/div>\n<div style=\"box-sizing: border-box;\"><span style=\"box-sizing: border-box; font-weight: bold;\">+nav kait\u0113k\u013cu (blak\u0161u utt.)<\/span><\/div>\n<div style=\"box-sizing: border-box;\"><span style=\"box-sizing: border-box; font-weight: bold;\">+nav nepiecie\u0161ams rav\u0113t;<\/span><\/div>\n<div style=\"box-sizing: border-box;\"><span style=\"box-sizing: border-box; font-weight: bold;\">+kastes kalpo l\u012bdz pat 10 gadiem;<\/span><\/div>\n<div style=\"box-sizing: border-box;\"><span style=\"box-sizing: border-box; font-weight: bold;\">+var audz\u0113t gur\u0137us, tom\u0101tus, papriku, da\u017e\u0101dus gar\u0161augus utt.;<\/span><\/div>\n<div style=\"box-sizing: border-box;\"><span style=\"box-sizing: border-box; font-weight: bold;\">+nav nepiecie\u0161amas ap\u016bde\u0146o\u0161anas sist\u0113mas;<\/span><\/div>\n<div style=\"box-sizing: border-box;\"><span style=\"box-sizing: border-box; font-weight: bold;\">+ ietaup\u0101t laiku, ko varat velt\u012bt sev un \u0123imenei.\u00a0<\/span><\/div>\n<\/div>\n<\/div>\n<p>Audz\u0113\u0161anas maisi\u0146i<\/p>\n<div>Daudzums 50L<\/div>\n<div>\n<p>Izcila sabalans\u0113ta kvalit\u0101te.<\/p>\n<p>pH 5,5\u20136,5<\/p>\n<p>Tilpums \u2013 50 l<\/p>\n<p>Paredz\u0113ts augu audz\u0113\u0161anai<\/p>\n<p>Izmantotais m\u0113slojums 1,2 kg kubikmetr\u0101 NPK<\/p>\n<p>Galven\u0101s sast\u0101vda\u013cas: sapuvusi pel\u0113ka un melna k\u016bdra<\/p>\n<p>Sasmalcin\u0101ts kr\u012bts<\/p>\n<p>Substr\u0101ts ir piem\u0113rots audz\u0113\u0161anai maisos un kop\u0101 ar laist\u012b\u0161anas kast\u0113m.<\/p>\n<\/div>\n<div><\/div>\n<\/div>","protected":false},"excerpt":{"rendered":"<p>PRISTATYMAS NUO KOVO 1 DIENOS!\u00a0 Laistymo d\u0117\u017e\u0117s pagalbininkas kiekvienam, kuris nori u\u017esiauginti savo derli\u0173. D\u0117\u017e\u0117s i\u0161matavimai 45X85X29 Med\u017eiaga &#8211; polistirolas Rekomenduojama naudoti su AUGINIMO MAI\u0160AIS. D\u0117\u017e\u0117s puikiai tinkamos naudoti tiek \u0161iltnamyje, tiek balkone, tiek lauke. Galima auginti pomidorus, agurkus, bra\u0161kes, paprikas, moli\u016bgus, g\u0117les, \u017eoleles beik itas g\u0117rybes. Kod\u0117l rinktis laistymo d\u0117\u017ees?\u00a0 \u00a0 +didel\u0117 vandens talpa, [&hellip;]<\/p>\n","protected":false},"featured_media":4912,"comment_status":"open","ping_status":"closed","template":"","meta":{"om_disable_all_campaigns":false,"_uag_custom_page_level_css":"","_monsterinsights_skip_tracking":false,"_monsterinsights_sitenote_active":false,"_monsterinsights_sitenote_note":"","_monsterinsights_sitenote_category":0,"site-sidebar-layout":"default","site-content-layout":"","ast-site-content-layout":"default","site-content-style":"default","site-sidebar-style":"default","ast-global-header-display":"","ast-banner-title-visibility":"","ast-main-header-display":"","ast-hfb-above-header-display":"","ast-hfb-below-header-display":"","ast-hfb-mobile-header-display":"","site-post-title":"","ast-breadcrumbs-content":"","ast-featured-img":"","footer-sml-layout":"","ast-disable-related-posts":"","theme-transparent-header-meta":"","adv-header-id-meta":"","stick-header-meta":"","header-above-stick-meta":"","header-main-stick-meta":"","header-below-stick-meta":"","astra-migrate-meta-layouts":"default","ast-page-background-enabled":"default","ast-page-background-meta":{"desktop":{"background-color":"var(--ast-global-color-4)","background-image":"","background-repeat":"repeat","background-position":"center center","background-size":"auto","background-attachment":"scroll","background-type":"","background-media":"","overlay-type":"","overlay-color":"","overlay-opacity":"","overlay-gradient":""},"tablet":{"background-color":"","background-image":"","background-repeat":"repeat","background-position":"center center","background-size":"auto","background-attachment":"scroll","background-type":"","background-media":"","overlay-type":"","overlay-color":"","overlay-opacity":"","overlay-gradient":""},"mobile":{"background-color":"","background-image":"","background-repeat":"repeat","background-position":"center center","background-size":"auto","background-attachment":"scroll","background-type":"","background-media":"","overlay-type":"","overlay-color":"","overlay-opacity":"","overlay-gradient":""}},"ast-content-background-meta":{"desktop":{"background-color":"var(--ast-global-color-5)","background-image":"","background-repeat":"repeat","background-position":"center center","background-size":"auto","background-attachment":"scroll","background-type":"","background-media":"","overlay-type":"","overlay-color":"","overlay-opacity":"","overlay-gradient":""},"tablet":{"background-color":"var(--ast-global-color-5)","background-image":"","background-repeat":"repeat","background-position":"center center","background-size":"auto","background-attachment":"scroll","background-type":"","background-media":"","overlay-type":"","overlay-color":"","overlay-opacity":"","overlay-gradient":""},"mobile":{"background-color":"var(--ast-global-color-5)","background-image":"","background-repeat":"repeat","background-position":"center center","background-size":"auto","background-attachment":"scroll","background-type":"","background-media":"","overlay-type":"","overlay-color":"","overlay-opacity":"","overlay-gradient":""}}},"product_brand":[],"product_cat":[170],"product_tag":[],"class_list":{"0":"post-4876","1":"product","2":"type-product","3":"status-publish","4":"has-post-thumbnail","6":"product_cat-laistymo-dezes-ir-priedai","7":"desktop-align-left","8":"tablet-align-left","9":"mobile-align-left","11":"first","12":"instock","13":"taxable","14":"shipping-taxable","15":"purchasable","16":"product-type-simple"},"aioseo_notices":[],"uagb_featured_image_src":{"full":["https:\/\/maasgroup.eu\/wp-content\/uploads\/2026\/02\/basic-komplektas.png",510,492,false],"thumbnail":["https:\/\/maasgroup.eu\/wp-content\/uploads\/2026\/02\/basic-komplektas-150x150.png",150,150,true],"medium":["https:\/\/maasgroup.eu\/wp-content\/uploads\/2026\/02\/basic-komplektas-300x289.png",300,289,true],"medium_large":["https:\/\/maasgroup.eu\/wp-content\/uploads\/2026\/02\/basic-komplektas.png",510,492,false],"large":["https:\/\/maasgroup.eu\/wp-content\/uploads\/2026\/02\/basic-komplektas.png",510,492,false],"1536x1536":["https:\/\/maasgroup.eu\/wp-content\/uploads\/2026\/02\/basic-komplektas.png",510,492,false],"2048x2048":["https:\/\/maasgroup.eu\/wp-content\/uploads\/2026\/02\/basic-komplektas.png",510,492,false],"trp-custom-language-flag":["https:\/\/maasgroup.eu\/wp-content\/uploads\/2026\/02\/basic-komplektas-12x12.png",12,12,true],"woocommerce_thumbnail":["https:\/\/maasgroup.eu\/wp-content\/uploads\/2026\/02\/basic-komplektas.png",510,492,false],"woocommerce_single":["https:\/\/maasgroup.eu\/wp-content\/uploads\/2026\/02\/basic-komplektas.png",510,492,false],"woocommerce_gallery_thumbnail":["https:\/\/maasgroup.eu\/wp-content\/uploads\/2026\/02\/basic-komplektas-100x100.png",100,100,true]},"uagb_author_info":{"display_name":"Raimondas Serva","author_link":"https:\/\/maasgroup.eu\/lv\/author\/"},"uagb_comment_info":0,"uagb_excerpt":"PRISTATYMAS NUO KOVO 1 DIENOS!\u00a0 Laistymo d\u0117\u017e\u0117s pagalbininkas kiekvienam, kuris nori u\u017esiauginti savo derli\u0173. D\u0117\u017e\u0117s i\u0161matavimai 45X85X29 Med\u017eiaga &#8211; polistirolas Rekomenduojama naudoti su AUGINIMO MAI\u0160AIS. D\u0117\u017e\u0117s puikiai tinkamos naudoti tiek \u0161iltnamyje, tiek balkone, tiek lauke. Galima auginti pomidorus, agurkus, bra\u0161kes, paprikas, moli\u016bgus, g\u0117les, \u017eoleles beik itas g\u0117rybes. Kod\u0117l rinktis laistymo d\u0117\u017ees?\u00a0 \u00a0 +didel\u0117 vandens talpa,&hellip;","_links":{"self":[{"href":"https:\/\/maasgroup.eu\/lv\/wp-json\/wp\/v2\/product\/4876","targetHints":{"allow":["GET"]}}],"collection":[{"href":"https:\/\/maasgroup.eu\/lv\/wp-json\/wp\/v2\/product"}],"about":[{"href":"https:\/\/maasgroup.eu\/lv\/wp-json\/wp\/v2\/types\/product"}],"replies":[{"embeddable":true,"href":"https:\/\/maasgroup.eu\/lv\/wp-json\/wp\/v2\/comments?post=4876"}],"wp:featuredmedia":[{"embeddable":true,"href":"https:\/\/maasgroup.eu\/lv\/wp-json\/wp\/v2\/media\/4912"}],"wp:attachment":[{"href":"https:\/\/maasgroup.eu\/lv\/wp-json\/wp\/v2\/media?parent=4876"}],"wp:term":[{"taxonomy":"product_brand","embeddable":true,"href":"https:\/\/maasgroup.eu\/lv\/wp-json\/wp\/v2\/product_brand?post=4876"},{"taxonomy":"product_cat","embeddable":true,"href":"https:\/\/maasgroup.eu\/lv\/wp-json\/wp\/v2\/product_cat?post=4876"},{"taxonomy":"product_tag","embeddable":true,"href":"https:\/\/maasgroup.eu\/lv\/wp-json\/wp\/v2\/product_tag?post=4876"}],"curies":[{"name":"wp","href":"https:\/\/api.w.org\/{rel}","templated":true}]}}