{"id":4668,"date":"2026-02-24T10:28:45","date_gmt":"2026-02-24T10:28:45","guid":{"rendered":"https:\/\/maasgroup.eu\/?post_type=product&#038;p=4668"},"modified":"2026-02-24T10:29:01","modified_gmt":"2026-02-24T10:29:01","slug":"strypas1800-65-mm-spirale-zalia-viela-atraminiai-augalai-ir-pomidorai","status":"publish","type":"product","link":"https:\/\/maasgroup.eu\/lv\/product\/strypas1800-65-mm-spirale-zalia-viela-atraminiai-augalai-ir-pomidorai\/","title":{"rendered":"Strypas1800\/6,5 mm, spiral\u0117, Zalia viela, atraminiai augalai ir pomidorai"},"content":{"rendered":"<p>1800 mm ilgio ir 6,5 mm skersmens cinkuotos vielos spiralinis strypas yra idealus pagalbininkas auginant pomidorus, vijoklinius ir naudinguosius augalus. Spiralin\u0117 forma u\u017etikrina optimali\u0105 atram\u0105 augalams. Strypas suteikia augalui orientacij\u0105, kurioje jis gali augti. Pakuot\u0117je yra 10 pagaliuk\u0173.<\/p>","protected":false},"excerpt":{"rendered":"<p>1800 mm ilgio ir 6,5 mm skersmens cinkuotos vielos spiralinis strypas yra idealus pagalbininkas auginant pomidorus, vijoklinius ir naudinguosius augalus. Spiralin\u0117 forma u\u017etikrina optimali\u0105 atram\u0105 augalams. Strypas suteikia augalui orientacij\u0105, kurioje jis gali augti. Pakuot\u0117je yra 10 pagaliuk\u0173.<\/p>","protected":false},"featured_media":4660,"comment_status":"open","ping_status":"closed","template":"","meta":{"om_disable_all_campaigns":false,"_uag_custom_page_level_css":"","_monsterinsights_skip_tracking":false,"_monsterinsights_sitenote_active":false,"_monsterinsights_sitenote_note":"","_monsterinsights_sitenote_category":0,"site-sidebar-layout":"default","site-content-layout":"","ast-site-content-layout":"default","site-content-style":"default","site-sidebar-style":"default","ast-global-header-display":"","ast-banner-title-visibility":"","ast-main-header-display":"","ast-hfb-above-header-display":"","ast-hfb-below-header-display":"","ast-hfb-mobile-header-display":"","site-post-title":"","ast-breadcrumbs-content":"","ast-featured-img":"","footer-sml-layout":"","ast-disable-related-posts":"","theme-transparent-header-meta":"","adv-header-id-meta":"","stick-header-meta":"","header-above-stick-meta":"","header-main-stick-meta":"","header-below-stick-meta":"","astra-migrate-meta-layouts":"default","ast-page-background-enabled":"default","ast-page-background-meta":{"desktop":{"background-color":"var(--ast-global-color-4)","background-image":"","background-repeat":"repeat","background-position":"center center","background-size":"auto","background-attachment":"scroll","background-type":"","background-media":"","overlay-type":"","overlay-color":"","overlay-opacity":"","overlay-gradient":""},"tablet":{"background-color":"","background-image":"","background-repeat":"repeat","background-position":"center center","background-size":"auto","background-attachment":"scroll","background-type":"","background-media":"","overlay-type":"","overlay-color":"","overlay-opacity":"","overlay-gradient":""},"mobile":{"background-color":"","background-image":"","background-repeat":"repeat","background-position":"center center","background-size":"auto","background-attachment":"scroll","background-type":"","background-media":"","overlay-type":"","overlay-color":"","overlay-opacity":"","overlay-gradient":""}},"ast-content-background-meta":{"desktop":{"background-color":"var(--ast-global-color-5)","background-image":"","background-repeat":"repeat","background-position":"center center","background-size":"auto","background-attachment":"scroll","background-type":"","background-media":"","overlay-type":"","overlay-color":"","overlay-opacity":"","overlay-gradient":""},"tablet":{"background-color":"var(--ast-global-color-5)","background-image":"","background-repeat":"repeat","background-position":"center center","background-size":"auto","background-attachment":"scroll","background-type":"","background-media":"","overlay-type":"","overlay-color":"","overlay-opacity":"","overlay-gradient":""},"mobile":{"background-color":"var(--ast-global-color-5)","background-image":"","background-repeat":"repeat","background-position":"center center","background-size":"auto","background-attachment":"scroll","background-type":"","background-media":"","overlay-type":"","overlay-color":"","overlay-opacity":"","overlay-gradient":""}}},"product_brand":[],"product_cat":[162],"product_tag":[],"class_list":{"0":"post-4668","1":"product","2":"type-product","3":"status-publish","4":"has-post-thumbnail","6":"product_cat-metalines-atramos","7":"desktop-align-left","8":"tablet-align-left","9":"mobile-align-left","11":"first","12":"outofstock","13":"taxable","14":"shipping-taxable","15":"purchasable","16":"product-type-simple"},"aioseo_notices":[],"uagb_featured_image_src":{"full":["https:\/\/maasgroup.eu\/wp-content\/uploads\/2026\/02\/211313.jpeg",400,16,false],"thumbnail":["https:\/\/maasgroup.eu\/wp-content\/uploads\/2026\/02\/211313-150x16.jpeg",150,16,true],"medium":["https:\/\/maasgroup.eu\/wp-content\/uploads\/2026\/02\/211313-300x12.jpeg",300,12,true],"medium_large":["https:\/\/maasgroup.eu\/wp-content\/uploads\/2026\/02\/211313.jpeg",400,16,false],"large":["https:\/\/maasgroup.eu\/wp-content\/uploads\/2026\/02\/211313.jpeg",400,16,false],"1536x1536":["https:\/\/maasgroup.eu\/wp-content\/uploads\/2026\/02\/211313.jpeg",400,16,false],"2048x2048":["https:\/\/maasgroup.eu\/wp-content\/uploads\/2026\/02\/211313.jpeg",400,16,false],"trp-custom-language-flag":["https:\/\/maasgroup.eu\/wp-content\/uploads\/2026\/02\/211313-18x1.jpeg",18,1,true],"woocommerce_thumbnail":["https:\/\/maasgroup.eu\/wp-content\/uploads\/2026\/02\/211313.jpeg",400,16,false],"woocommerce_single":["https:\/\/maasgroup.eu\/wp-content\/uploads\/2026\/02\/211313.jpeg",400,16,false],"woocommerce_gallery_thumbnail":["https:\/\/maasgroup.eu\/wp-content\/uploads\/2026\/02\/211313-100x16.jpeg",100,16,true]},"uagb_author_info":{"display_name":"Raimondas Serva","author_link":"https:\/\/maasgroup.eu\/lv\/author\/"},"uagb_comment_info":0,"uagb_excerpt":"1800 mm ilgio ir 6,5 mm skersmens cinkuotos vielos spiralinis strypas yra idealus pagalbininkas auginant pomidorus, vijoklinius ir naudinguosius augalus. Spiralin\u0117 forma u\u017etikrina optimali\u0105 atram\u0105 augalams. Strypas suteikia augalui orientacij\u0105, kurioje jis gali augti. Pakuot\u0117je yra 10 pagaliuk\u0173.","_links":{"self":[{"href":"https:\/\/maasgroup.eu\/lv\/wp-json\/wp\/v2\/product\/4668","targetHints":{"allow":["GET"]}}],"collection":[{"href":"https:\/\/maasgroup.eu\/lv\/wp-json\/wp\/v2\/product"}],"about":[{"href":"https:\/\/maasgroup.eu\/lv\/wp-json\/wp\/v2\/types\/product"}],"replies":[{"embeddable":true,"href":"https:\/\/maasgroup.eu\/lv\/wp-json\/wp\/v2\/comments?post=4668"}],"wp:featuredmedia":[{"embeddable":true,"href":"https:\/\/maasgroup.eu\/lv\/wp-json\/wp\/v2\/media\/4660"}],"wp:attachment":[{"href":"https:\/\/maasgroup.eu\/lv\/wp-json\/wp\/v2\/media?parent=4668"}],"wp:term":[{"taxonomy":"product_brand","embeddable":true,"href":"https:\/\/maasgroup.eu\/lv\/wp-json\/wp\/v2\/product_brand?post=4668"},{"taxonomy":"product_cat","embeddable":true,"href":"https:\/\/maasgroup.eu\/lv\/wp-json\/wp\/v2\/product_cat?post=4668"},{"taxonomy":"product_tag","embeddable":true,"href":"https:\/\/maasgroup.eu\/lv\/wp-json\/wp\/v2\/product_tag?post=4668"}],"curies":[{"name":"wp","href":"https:\/\/api.w.org\/{rel}","templated":true}]}}