{"id":4613,"date":"2026-02-24T10:28:07","date_gmt":"2026-02-24T10:28:07","guid":{"rendered":"https:\/\/maasgroup.eu\/?post_type=product&#038;p=4613"},"modified":"2026-02-25T11:27:32","modified_gmt":"2026-02-25T11:27:32","slug":"atrama-metaline-16-2100-mm-plienas-plastikas-zalias-atraminiai-augalai-ir-pomidorai","status":"publish","type":"product","link":"https:\/\/maasgroup.eu\/lv\/product\/atrama-metaline-16-2100-mm-plienas-plastikas-zalias-atraminiai-augalai-ir-pomidorai\/","title":{"rendered":"Atrama metalin\u0117 16\/2100 mm, plienas\/plastikas, \u017ealias, atraminiai augalai ir pomidorai"},"content":{"rendered":"<p>\u017dalias plastiku dengtas plieninis 2100 mm ilgio atraminis strypas, kurio skersmuo 16 mm, yra tinkamas priedas pomidor\u0173 augintojams, norintiems apsaugoti savo pas\u0117lius nuo l\u016b\u017ei\u0173. J\u016bs tiesiog priri\u0161ate pomidor\u0105 prie atraminio strypo, kuris sudaro stabili\u0105 \u0161erd\u012f. Atramin\u0117 juosta yra atspari neigiamam oro poveikiui ir pasi\u017eymi ilgu tarnavimo laiku. Po s\u0117jomainos galite nuimti atramin\u012f stryp\u0105 ir pakartotinai j\u012f naudoti, kai v\u0117l prireiks.<\/p>","protected":false},"excerpt":{"rendered":"<p>\u017dalias plastiku dengtas plieninis 2100 mm ilgio atraminis strypas, kurio skersmuo 16 mm, yra tinkamas priedas pomidor\u0173 augintojams, norintiems apsaugoti savo pas\u0117lius nuo l\u016b\u017ei\u0173. J\u016bs tiesiog priri\u0161ate pomidor\u0105 prie atraminio strypo, kuris sudaro stabili\u0105 \u0161erd\u012f. Atramin\u0117 juosta yra atspari neigiamam oro poveikiui ir pasi\u017eymi ilgu tarnavimo laiku. Po s\u0117jomainos galite nuimti atramin\u012f stryp\u0105 ir pakartotinai [&hellip;]<\/p>\n","protected":false},"featured_media":4631,"comment_status":"open","ping_status":"closed","template":"","meta":{"om_disable_all_campaigns":false,"_uag_custom_page_level_css":"","_monsterinsights_skip_tracking":false,"_monsterinsights_sitenote_active":false,"_monsterinsights_sitenote_note":"","_monsterinsights_sitenote_category":0,"site-sidebar-layout":"default","site-content-layout":"","ast-site-content-layout":"default","site-content-style":"default","site-sidebar-style":"default","ast-global-header-display":"","ast-banner-title-visibility":"","ast-main-header-display":"","ast-hfb-above-header-display":"","ast-hfb-below-header-display":"","ast-hfb-mobile-header-display":"","site-post-title":"","ast-breadcrumbs-content":"","ast-featured-img":"","footer-sml-layout":"","ast-disable-related-posts":"","theme-transparent-header-meta":"","adv-header-id-meta":"","stick-header-meta":"","header-above-stick-meta":"","header-main-stick-meta":"","header-below-stick-meta":"","astra-migrate-meta-layouts":"default","ast-page-background-enabled":"default","ast-page-background-meta":{"desktop":{"background-color":"var(--ast-global-color-4)","background-image":"","background-repeat":"repeat","background-position":"center center","background-size":"auto","background-attachment":"scroll","background-type":"","background-media":"","overlay-type":"","overlay-color":"","overlay-opacity":"","overlay-gradient":""},"tablet":{"background-color":"","background-image":"","background-repeat":"repeat","background-position":"center center","background-size":"auto","background-attachment":"scroll","background-type":"","background-media":"","overlay-type":"","overlay-color":"","overlay-opacity":"","overlay-gradient":""},"mobile":{"background-color":"","background-image":"","background-repeat":"repeat","background-position":"center center","background-size":"auto","background-attachment":"scroll","background-type":"","background-media":"","overlay-type":"","overlay-color":"","overlay-opacity":"","overlay-gradient":""}},"ast-content-background-meta":{"desktop":{"background-color":"var(--ast-global-color-5)","background-image":"","background-repeat":"repeat","background-position":"center center","background-size":"auto","background-attachment":"scroll","background-type":"","background-media":"","overlay-type":"","overlay-color":"","overlay-opacity":"","overlay-gradient":""},"tablet":{"background-color":"var(--ast-global-color-5)","background-image":"","background-repeat":"repeat","background-position":"center center","background-size":"auto","background-attachment":"scroll","background-type":"","background-media":"","overlay-type":"","overlay-color":"","overlay-opacity":"","overlay-gradient":""},"mobile":{"background-color":"var(--ast-global-color-5)","background-image":"","background-repeat":"repeat","background-position":"center center","background-size":"auto","background-attachment":"scroll","background-type":"","background-media":"","overlay-type":"","overlay-color":"","overlay-opacity":"","overlay-gradient":""}}},"product_brand":[],"product_cat":[162],"product_tag":[],"class_list":{"0":"post-4613","1":"product","2":"type-product","3":"status-publish","4":"has-post-thumbnail","6":"product_cat-metalines-atramos","7":"desktop-align-left","8":"tablet-align-left","9":"mobile-align-left","11":"first","12":"instock","13":"taxable","14":"shipping-taxable","15":"purchasable","16":"product-type-simple"},"aioseo_notices":[],"uagb_featured_image_src":{"full":["https:\/\/maasgroup.eu\/wp-content\/uploads\/2026\/02\/211765.jpeg",400,75,false],"thumbnail":["https:\/\/maasgroup.eu\/wp-content\/uploads\/2026\/02\/211765-150x75.jpeg",150,75,true],"medium":["https:\/\/maasgroup.eu\/wp-content\/uploads\/2026\/02\/211765-300x56.jpeg",300,56,true],"medium_large":["https:\/\/maasgroup.eu\/wp-content\/uploads\/2026\/02\/211765.jpeg",400,75,false],"large":["https:\/\/maasgroup.eu\/wp-content\/uploads\/2026\/02\/211765.jpeg",400,75,false],"1536x1536":["https:\/\/maasgroup.eu\/wp-content\/uploads\/2026\/02\/211765.jpeg",400,75,false],"2048x2048":["https:\/\/maasgroup.eu\/wp-content\/uploads\/2026\/02\/211765.jpeg",400,75,false],"trp-custom-language-flag":["https:\/\/maasgroup.eu\/wp-content\/uploads\/2026\/02\/211765-18x3.jpeg",18,3,true],"woocommerce_thumbnail":["https:\/\/maasgroup.eu\/wp-content\/uploads\/2026\/02\/211765.jpeg",400,75,false],"woocommerce_single":["https:\/\/maasgroup.eu\/wp-content\/uploads\/2026\/02\/211765.jpeg",400,75,false],"woocommerce_gallery_thumbnail":["https:\/\/maasgroup.eu\/wp-content\/uploads\/2026\/02\/211765-100x75.jpeg",100,75,true]},"uagb_author_info":{"display_name":"Raimondas Serva","author_link":"https:\/\/maasgroup.eu\/lv\/author\/"},"uagb_comment_info":0,"uagb_excerpt":"\u017dalias plastiku dengtas plieninis 2100 mm ilgio atraminis strypas, kurio skersmuo 16 mm, yra tinkamas priedas pomidor\u0173 augintojams, norintiems apsaugoti savo pas\u0117lius nuo l\u016b\u017ei\u0173. J\u016bs tiesiog priri\u0161ate pomidor\u0105 prie atraminio strypo, kuris sudaro stabili\u0105 \u0161erd\u012f. Atramin\u0117 juosta yra atspari neigiamam oro poveikiui ir pasi\u017eymi ilgu tarnavimo laiku. Po s\u0117jomainos galite nuimti atramin\u012f stryp\u0105 ir pakartotinai&hellip;","_links":{"self":[{"href":"https:\/\/maasgroup.eu\/lv\/wp-json\/wp\/v2\/product\/4613","targetHints":{"allow":["GET"]}}],"collection":[{"href":"https:\/\/maasgroup.eu\/lv\/wp-json\/wp\/v2\/product"}],"about":[{"href":"https:\/\/maasgroup.eu\/lv\/wp-json\/wp\/v2\/types\/product"}],"replies":[{"embeddable":true,"href":"https:\/\/maasgroup.eu\/lv\/wp-json\/wp\/v2\/comments?post=4613"}],"wp:featuredmedia":[{"embeddable":true,"href":"https:\/\/maasgroup.eu\/lv\/wp-json\/wp\/v2\/media\/4631"}],"wp:attachment":[{"href":"https:\/\/maasgroup.eu\/lv\/wp-json\/wp\/v2\/media?parent=4613"}],"wp:term":[{"taxonomy":"product_brand","embeddable":true,"href":"https:\/\/maasgroup.eu\/lv\/wp-json\/wp\/v2\/product_brand?post=4613"},{"taxonomy":"product_cat","embeddable":true,"href":"https:\/\/maasgroup.eu\/lv\/wp-json\/wp\/v2\/product_cat?post=4613"},{"taxonomy":"product_tag","embeddable":true,"href":"https:\/\/maasgroup.eu\/lv\/wp-json\/wp\/v2\/product_tag?post=4613"}],"curies":[{"name":"wp","href":"https:\/\/api.w.org\/{rel}","templated":true}]}}