{"id":4436,"date":"2026-02-22T19:48:35","date_gmt":"2026-02-22T19:48:35","guid":{"rendered":"https:\/\/maasgroup.eu\/?post_type=product&#038;p=4436"},"modified":"2026-03-01T18:22:29","modified_gmt":"2026-03-01T18:22:29","slug":"sieros-granules-technine-siera-1-kg","status":"publish","type":"product","link":"https:\/\/maasgroup.eu\/lv\/product\/sieros-granules-technine-siera-1-kg\/","title":{"rendered":"S\u0113ra granulas (tehniskais s\u0113rs) 1 kg"},"content":{"rendered":"","protected":false},"excerpt":{"rendered":"<p><strong data-start=\"167\" data-end=\"208\">S\u0113ra granulas (tehniskais s\u0113rs) 1 kg<\/strong>\u00a0\u2013 universali priemon\u0117, skirta dirvo\u017eemio r\u016bg\u0161tinimui, augal\u0173 apr\u016bpinimui sieros elementu, augal\u0173 apsaugai bei patalp\u0173 ir \u0161iltnami\u0173 dezinfekcijai. Siera yra svarbus mikroelementas, dalyvaujantis baltym\u0173 ir ferment\u0173 sintez\u0117je, gerinantis augal\u0173 augim\u0105, lap\u0173 spalv\u0105 ir bendr\u0105 atsparum\u0105 nepalankioms s\u0105lygoms. Naudojant dirvo\u017eemyje, siera padeda suma\u017einti pH, tod\u0117l ypa\u010d tinka r\u016bg\u0161\u010di\u0105 dirv\u0105 m\u0117gstantiems augalams, tokiems kaip \u0161ilauog\u0117s, rododendrai, hortenzijos, azalijos, spygliuo\u010diai. Dirvo\u017eemio r\u016bg\u0161tinimui rekomenduojama norma lengvam dirvo\u017eemiui yra 50\u2013100 g \/ 10 m\u00b2, vidutinio sunkumo dirvo\u017eemiui \u2013 100\u2013200 g \/ 10 m\u00b2, sunkiam, molingam dirvo\u017eemiui \u2013 200\u2013300 g \/ 10 m\u00b2. Siera veikia palaipsniui, tod\u0117l dirvo\u017eemio pH poky\u010diai pasirei\u0161kia per kelias savaites ar m\u0117nesius. Augal\u0173 mitybai dar\u017eov\u0117ms, g\u0117l\u0117ms ir vaiskr\u016bmiams naudojama 10\u201330 g \/ 1 m\u00b2, granules tolygiai paskleid\u017eiant ir \u012fterpiant \u012f dirv\u0105 prie\u0161 s\u0117j\u0105 ar sodinim\u0105. Siera taip pat gali b\u016bti naudojama augal\u0173 apsaugai nuo grybelini\u0173 lig\u0173, toki\u0173 kaip miltlig\u0117, bei kai kuri\u0173 kenk\u0117j\u0173 \u2013 pur\u0161kimui ruo\u0161iama 20\u201330 g sieros 10 litr\u0173 vandens, pur\u0161kiama vegetacijos metu, esant +15\u201325 \u00b0C temperat\u016brai, vengiant kar\u0161t\u0173 dien\u0173 ir \u017eyd\u0117jimo laikotarpio. Be to, technin\u0117 siera pla\u010diai naudojama\u00a0<strong data-start=\"1447\" data-end=\"1473\">dezinfekcijai deginant<\/strong>, ypa\u010d \u0161iltnamiuose, r\u016bsiuose, sand\u0117liuose ar kitose tu\u0161\u010diose patalpose. Degant sierai i\u0161siskiriantis sieros dioksidas naikina grybelini\u0173 lig\u0173 suk\u0117l\u0117jus, pel\u0117sius, bakterijas ir kenk\u0117jus. Dezinfekcijai rekomenduojama naudoti apie 30\u201360 g sieros 10 m\u00b2 patalpos ploto. Siera dedama \u012f kar\u0161\u010diui atspar\u0173 ind\u0105, pastatyt\u0105 ant nedegaus pagrindo, u\u017edegama ir patalpa sandariai u\u017edaroma 24\u201348 valandoms. Po dezinfekcijos patalpas b\u016btina labai gerai i\u0161v\u0117dinti. Atliekant \u0161i\u0105 proced\u016br\u0105 b\u016btina grie\u017etai laikytis saugos reikalavim\u0173 \u2013 patalpose neturi b\u016bti \u017emoni\u0173, gyv\u016bn\u0173 ar augal\u0173, b\u016btina naudoti asmenines apsaugos priemones ir ne\u012fkv\u0117pti d\u016bm\u0173. Produkto sud\u0117tis \u2013 elementin\u0117 siera (S) ne ma\u017eiau kaip 99 %. Laikyti sausoje, v\u0117sioje, vaikams nepasiekiamoje vietoje, nenaudoti kartu su kalk\u0117mis ar kitomis dirv\u0105 \u0161arminan\u010diomis med\u017eiagomis, naudoti tik pagal paskirt\u012f ir rekomendacijas.<\/p>","protected":false},"featured_media":4437,"comment_status":"open","ping_status":"closed","template":"","meta":{"om_disable_all_campaigns":false,"_uag_custom_page_level_css":"","_monsterinsights_skip_tracking":false,"_monsterinsights_sitenote_active":false,"_monsterinsights_sitenote_note":"","_monsterinsights_sitenote_category":0,"site-sidebar-layout":"default","site-content-layout":"","ast-site-content-layout":"default","site-content-style":"default","site-sidebar-style":"default","ast-global-header-display":"","ast-banner-title-visibility":"","ast-main-header-display":"","ast-hfb-above-header-display":"","ast-hfb-below-header-display":"","ast-hfb-mobile-header-display":"","site-post-title":"","ast-breadcrumbs-content":"","ast-featured-img":"","footer-sml-layout":"","ast-disable-related-posts":"","theme-transparent-header-meta":"default","adv-header-id-meta":"","stick-header-meta":"","header-above-stick-meta":"","header-main-stick-meta":"","header-below-stick-meta":"","astra-migrate-meta-layouts":"set","ast-page-background-enabled":"default","ast-page-background-meta":{"desktop":{"background-color":"var(--ast-global-color-4)","background-image":"","background-repeat":"repeat","background-position":"center center","background-size":"auto","background-attachment":"scroll","background-type":"","background-media":"","overlay-type":"","overlay-color":"","overlay-opacity":"","overlay-gradient":""},"tablet":{"background-color":"","background-image":"","background-repeat":"repeat","background-position":"center center","background-size":"auto","background-attachment":"scroll","background-type":"","background-media":"","overlay-type":"","overlay-color":"","overlay-opacity":"","overlay-gradient":""},"mobile":{"background-color":"","background-image":"","background-repeat":"repeat","background-position":"center center","background-size":"auto","background-attachment":"scroll","background-type":"","background-media":"","overlay-type":"","overlay-color":"","overlay-opacity":"","overlay-gradient":""}},"ast-content-background-meta":{"desktop":{"background-color":"var(--ast-global-color-5)","background-image":"","background-repeat":"repeat","background-position":"center center","background-size":"auto","background-attachment":"scroll","background-type":"","background-media":"","overlay-type":"","overlay-color":"","overlay-opacity":"","overlay-gradient":""},"tablet":{"background-color":"var(--ast-global-color-5)","background-image":"","background-repeat":"repeat","background-position":"center center","background-size":"auto","background-attachment":"scroll","background-type":"","background-media":"","overlay-type":"","overlay-color":"","overlay-opacity":"","overlay-gradient":""},"mobile":{"background-color":"var(--ast-global-color-5)","background-image":"","background-repeat":"repeat","background-position":"center center","background-size":"auto","background-attachment":"scroll","background-type":"","background-media":"","overlay-type":"","overlay-color":"","overlay-opacity":"","overlay-gradient":""}}},"product_brand":[],"product_cat":[131],"product_tag":[],"class_list":{"0":"post-4436","1":"product","2":"type-product","3":"status-publish","4":"has-post-thumbnail","6":"product_cat-kitos-trasos-ir-apsaugos-priemones","7":"desktop-align-left","8":"tablet-align-left","9":"mobile-align-left","11":"first","12":"instock","13":"taxable","14":"shipping-taxable","15":"purchasable","16":"product-type-variable"},"aioseo_notices":[],"uagb_featured_image_src":{"full":["https:\/\/maasgroup.eu\/wp-content\/uploads\/2026\/02\/siera.jpg",1542,2047,false],"thumbnail":["https:\/\/maasgroup.eu\/wp-content\/uploads\/2026\/02\/siera-150x150.jpg",150,150,true],"medium":["https:\/\/maasgroup.eu\/wp-content\/uploads\/2026\/02\/siera-226x300.jpg",226,300,true],"medium_large":["https:\/\/maasgroup.eu\/wp-content\/uploads\/2026\/02\/siera-768x1020.jpg",768,1020,true],"large":["https:\/\/maasgroup.eu\/wp-content\/uploads\/2026\/02\/siera-771x1024.jpg",771,1024,true],"1536x1536":["https:\/\/maasgroup.eu\/wp-content\/uploads\/2026\/02\/siera-1157x1536.jpg",1157,1536,true],"2048x2048":["https:\/\/maasgroup.eu\/wp-content\/uploads\/2026\/02\/siera.jpg",1542,2047,false],"trp-custom-language-flag":["https:\/\/maasgroup.eu\/wp-content\/uploads\/2026\/02\/siera-9x12.jpg",9,12,true],"woocommerce_thumbnail":["https:\/\/maasgroup.eu\/wp-content\/uploads\/2026\/02\/siera-600x796.jpg",600,796,true],"woocommerce_single":["https:\/\/maasgroup.eu\/wp-content\/uploads\/2026\/02\/siera-600x796.jpg",600,796,true],"woocommerce_gallery_thumbnail":["https:\/\/maasgroup.eu\/wp-content\/uploads\/2026\/02\/siera-100x100.jpg",100,100,true]},"uagb_author_info":{"display_name":"Raimondas Serva","author_link":"https:\/\/maasgroup.eu\/lv\/author\/"},"uagb_comment_info":0,"uagb_excerpt":"Sieros granul\u0117s (technin\u0117 siera) 1 kg\u00a0\u2013 universali priemon\u0117, skirta dirvo\u017eemio r\u016bg\u0161tinimui, augal\u0173 apr\u016bpinimui sieros elementu, augal\u0173 apsaugai bei patalp\u0173 ir \u0161iltnami\u0173 dezinfekcijai. Siera yra svarbus mikroelementas, dalyvaujantis baltym\u0173 ir ferment\u0173 sintez\u0117je, gerinantis augal\u0173 augim\u0105, lap\u0173 spalv\u0105 ir bendr\u0105 atsparum\u0105 nepalankioms s\u0105lygoms. Naudojant dirvo\u017eemyje, siera padeda suma\u017einti pH, tod\u0117l ypa\u010d tinka r\u016bg\u0161\u010di\u0105 dirv\u0105 m\u0117gstantiems augalams, tokiems&hellip;","_links":{"self":[{"href":"https:\/\/maasgroup.eu\/lv\/wp-json\/wp\/v2\/product\/4436","targetHints":{"allow":["GET"]}}],"collection":[{"href":"https:\/\/maasgroup.eu\/lv\/wp-json\/wp\/v2\/product"}],"about":[{"href":"https:\/\/maasgroup.eu\/lv\/wp-json\/wp\/v2\/types\/product"}],"replies":[{"embeddable":true,"href":"https:\/\/maasgroup.eu\/lv\/wp-json\/wp\/v2\/comments?post=4436"}],"wp:featuredmedia":[{"embeddable":true,"href":"https:\/\/maasgroup.eu\/lv\/wp-json\/wp\/v2\/media\/4437"}],"wp:attachment":[{"href":"https:\/\/maasgroup.eu\/lv\/wp-json\/wp\/v2\/media?parent=4436"}],"wp:term":[{"taxonomy":"product_brand","embeddable":true,"href":"https:\/\/maasgroup.eu\/lv\/wp-json\/wp\/v2\/product_brand?post=4436"},{"taxonomy":"product_cat","embeddable":true,"href":"https:\/\/maasgroup.eu\/lv\/wp-json\/wp\/v2\/product_cat?post=4436"},{"taxonomy":"product_tag","embeddable":true,"href":"https:\/\/maasgroup.eu\/lv\/wp-json\/wp\/v2\/product_tag?post=4436"}],"curies":[{"name":"wp","href":"https:\/\/api.w.org\/{rel}","templated":true}]}}