{"id":4284,"date":"2026-02-19T18:43:54","date_gmt":"2026-02-19T18:43:54","guid":{"rendered":"https:\/\/maasgroup.eu\/?post_type=product&#038;p=4284"},"modified":"2026-03-31T17:11:19","modified_gmt":"2026-03-31T17:11:19","slug":"4284","status":"publish","type":"product","link":"https:\/\/maasgroup.eu\/lv\/product\/4284\/","title":{"rendered":"Bezhlora kompleksais m\u0113slojums d\u0101rze\u0146iem \u0101ra apst\u0101k\u013cos"},"content":{"rendered":"<h3 data-path-to-node=\"10\">K\u0101diem d\u0101rze\u0146iem \u0161ie m\u0113slo\u0161anas l\u012bdzek\u013ci ir vispiem\u0113rot\u0101kie?<\/h3>\n<p data-path-to-node=\"11\">Pateicoties t\u0101 daudzpus\u012bbai un <b data-path-to-node=\"11\" data-index-in-node=\"25\">bez hlora (SOP)<\/b> sast\u0101vs, tie ir ide\u0101li piem\u0113roti:<\/p>\n<ul data-path-to-node=\"12\">\n<li>\n<p data-path-to-node=\"12,0,0\"><b data-path-to-node=\"12,0,0\" data-index-in-node=\"0\">Sak\u0146augiem:<\/b> Burk\u0101ni, bietes, red\u012bsi (augst\u0101ks k\u0101lija saturs nodro\u0161ina pareizu formu un saldumu).<\/p>\n<\/li>\n<li>\n<p data-path-to-node=\"12,1,0\"><b data-path-to-node=\"12,1,0\" data-index-in-node=\"0\">Sak\u0146u d\u0101rze\u0146iem:<\/b> K\u0101postiem, broko\u013ciem, ziedk\u0101postiem (pal\u012bdz veidot cietas, vesel\u012bgas galvi\u0146as).<\/p>\n<\/li>\n<li>\n<p data-path-to-node=\"12,2,0\"><b data-path-to-node=\"12,2,0\" data-index-in-node=\"0\">Pikantiem d\u0101rze\u0146iem:<\/b> S\u012bpoliem - \u0137iploki (veicina lab\u0101ku uzglab\u0101\u0161anu ziem\u0101).<\/p>\n<\/li>\n<li>\n<p data-path-to-node=\"12,3,0\"><b data-path-to-node=\"12,3,0\" data-index-in-node=\"0\">Kartupe\u013ciem:<\/b> Nodro\u0161ina cietes uzkr\u0101\u0161anos un aizsarg\u0101 pret slim\u012bb\u0101m.<\/p>\n<\/li>\n<\/ul>\n<hr data-path-to-node=\"13\" \/>\n<h3 data-path-to-node=\"14\">Galven\u0101s priek\u0161roc\u012bbas:<\/h3>\n<ul data-path-to-node=\"15\">\n<li>\n<p data-path-to-node=\"15,0,0\"><b data-path-to-node=\"15,0,0\" data-index-in-node=\"0\">Lab\u0101ka pielip\u0161ana:<\/b> D\u0101rze\u0146i, kas m\u0113sloti ar liel\u0101ku k\u0101lija daudzumu, ziem\u0101 lab\u0101k uzglab\u0101jas pagrabos.<\/p>\n<\/li>\n<li>\n<p data-path-to-node=\"15,1,0\"><b data-path-to-node=\"15,1,0\" data-index-in-node=\"0\">Dro\u0161\u012bba:<\/b> Bezhlora sast\u0101vs ir piem\u0113rots pat visjut\u012bg\u0101kajiem augiem un nededzina saknes.<\/p>\n<\/li>\n<li>\n<p data-path-to-node=\"15,2,0\"><b data-path-to-node=\"15,2,0\" data-index-in-node=\"0\">Iztur\u012bba pret stresu:<\/b> Pal\u012bdz d\u0101rze\u0146iem viegl\u0101k iztur\u0113t temperat\u016bras sv\u0101rst\u012bbas un mitruma tr\u016bkumu.<\/p>\n<\/li>\n<li>\n<p data-path-to-node=\"15,3,0\"><b data-path-to-node=\"15,3,0\" data-index-in-node=\"0\">Zilas granulas:<\/b> Tie ir skaidri redzami uz augsnes, t\u0101p\u0113c tos ir viegli vienm\u0113r\u012bgi sadal\u012bt un izvair\u012bties no p\u0101rm\u0113r\u012bgas m\u0113slo\u0161anas.<\/p>\n<\/li>\n<\/ul>\n<hr data-path-to-node=\"16\" \/>\n<h3 data-path-to-node=\"17\">Lieto\u0161anas instrukcija:<\/h3>\n<ol start=\"1\" data-path-to-node=\"18\">\n<li>\n<p data-path-to-node=\"18,0,0\"><b data-path-to-node=\"18,0,0\" data-index-in-node=\"0\">Pamata m\u0113slo\u0161ana:<\/b> Vienm\u0113r\u012bgi izkais\u012bt un iestr\u0101d\u0101t augsn\u0113 pirms s\u0113\u0161anas vai st\u0101d\u012b\u0161anas (aptuveni 50\u201380 g\/m\u00b2).<\/p>\n<\/li>\n<li>\n<p data-path-to-node=\"18,1,0\"><b data-path-to-node=\"18,1,0\" data-index-in-node=\"0\">Papildu m\u0113slo\u0161ana:<\/b> Augu aug\u0161anas vid\u016b (j\u016bnij\u0101-j\u016blij\u0101) apkaisiet augus ar augu m\u0113slojumu un viegli uzirdiniet augsni.<\/p>\n<\/li>\n<li>\n<p data-path-to-node=\"18,2,0\"><b data-path-to-node=\"18,2,0\" data-index-in-node=\"0\">Svar\u012bgi:<\/b> P\u0113c m\u0113slo\u0161anas ieteicams laist\u012bt, lai bar\u012bbas vielas sasniegtu saknes.<\/p>\n<\/li>\n<\/ol>","protected":false},"excerpt":{"rendered":"<h2 data-path-to-node=\"3\">Kompleksais m\u0113slojums d\u0101rze\u0146iem \u0101ra apst\u0101k\u013cos (11-9-20+Mg+S+B+Zn)<\/h2>\n<p data-path-to-node=\"4\"><b data-path-to-node=\"4\" data-index-in-node=\"0\">Sp\u0113c\u012bga aug\u0161ana un bag\u0101t\u012bga, kvalitat\u012bva ra\u017ea j\u016bsu d\u0101rz\u0101!<\/b><\/p>\n<p data-path-to-node=\"5\">\u0160ie kompleksi <b data-path-to-node=\"5\" data-index-in-node=\"18\">bez hlora<\/b> M\u0113slojums ir paredz\u0113ts visiem galvenajiem lauka d\u0101rze\u0146iem, kuriem nepiecie\u0161ama papildu ener\u0123ija aug\u013cu, sak\u0146u vai bumbu\u013cu veido\u0161anai. Augsts k\u0101lija saturs nodro\u0161ina, ka j\u016bsu izaudz\u0113tie labumi b\u016bs ne tikai lieli, bet ar\u012b gar\u0161\u012bgi un ilgi saglab\u0101sies svaigi.<\/p>\n<h3 data-path-to-node=\"6\">K\u0101p\u0113c \u0161\u012b formula (11-9-20) ir tik efekt\u012bva?<\/h3>\n<p data-path-to-node=\"7\">\u0160\u012b ir profesion\u0101\u013cu atz\u012bta proporcija, kas koncentr\u0113jas uz gala rezult\u0101tu - ra\u017eas kvalit\u0101ti:<\/p>\n<ul data-path-to-node=\"8\">\n<li>\n<p data-path-to-node=\"8,0,0\"><b data-path-to-node=\"8,0,0\" data-index-in-node=\"0\">Augsts k\u0101lija saturs (20%):<\/b> Tas ir vissvar\u012bg\u0101kais elements d\u0101rze\u0146u gatav\u012bbai. K\u0101lijs pal\u012bdz augiem ekonomisk\u0101k izmantot \u016bdeni sausuma laik\u0101, palielina iztur\u012bbu pret slim\u012bb\u0101m un tie\u0161i uzlabo d\u0101rze\u0146u gar\u0161u (veicina cukuru un vitam\u012bnu uzkr\u0101\u0161anos).<\/p>\n<\/li>\n<li>\n<p data-path-to-node=\"8,1,0\"><b data-path-to-node=\"8,1,0\" data-index-in-node=\"0\">Sabalans\u0113ts sl\u0101peklis (11%):<\/b> Nodro\u0161ina nepiecie\u0161amo ener\u0123ijas daudzumu lapotnes veido\u0161anai, bet nep\u0101rslogo augu, t\u0101p\u0113c d\u0101rze\u0146os neuzkr\u0101jas liekie nitr\u0101ti.<\/p>\n<\/li>\n<li>\n<p data-path-to-node=\"8,2,0\"><b data-path-to-node=\"8,2,0\" data-index-in-node=\"0\">Magnijs (Mg) un s\u0113rs (S):<\/b> Magnijs nodro\u0161ina sul\u012bgu za\u013cumu un efekt\u012bvu fotosint\u0113zi, savuk\u0101rt s\u0113rs pal\u012bdz augiem lab\u0101k absorb\u0113t sl\u0101pekli un pie\u0161\u0137ir tiem specifisku arom\u0101tu (\u012bpa\u0161i svar\u012bgi s\u012bpoliem, \u0137iplokiem un k\u0101postiem).<\/p>\n<\/li>\n<li>\n<p data-path-to-node=\"8,3,0\"><b data-path-to-node=\"8,3,0\" data-index-in-node=\"0\">Mikroelementi (B, Zn):<\/b> Darbojas k\u0101 augu im\u016bnsist\u0113mas pastiprin\u0101t\u0101js. Bors ir \u012bpa\u0161i svar\u012bgs sak\u0146augiem (burk\u0101niem, biet\u0113m), lai nov\u0113rstu to plais\u0101\u0161anu un saglab\u0101tu to vesel\u012bbu iek\u0161pus\u0113.<\/p>\n<\/li>\n<\/ul>","protected":false},"featured_media":4289,"comment_status":"open","ping_status":"closed","template":"","meta":{"om_disable_all_campaigns":false,"_uag_custom_page_level_css":"","_monsterinsights_skip_tracking":false,"_monsterinsights_sitenote_active":false,"_monsterinsights_sitenote_note":"","_monsterinsights_sitenote_category":0,"site-sidebar-layout":"default","site-content-layout":"","ast-site-content-layout":"default","site-content-style":"default","site-sidebar-style":"default","ast-global-header-display":"","ast-banner-title-visibility":"","ast-main-header-display":"","ast-hfb-above-header-display":"","ast-hfb-below-header-display":"","ast-hfb-mobile-header-display":"","site-post-title":"","ast-breadcrumbs-content":"","ast-featured-img":"","footer-sml-layout":"","ast-disable-related-posts":"","theme-transparent-header-meta":"default","adv-header-id-meta":"","stick-header-meta":"","header-above-stick-meta":"","header-main-stick-meta":"","header-below-stick-meta":"","astra-migrate-meta-layouts":"set","ast-page-background-enabled":"default","ast-page-background-meta":{"desktop":{"background-color":"var(--ast-global-color-4)","background-image":"","background-repeat":"repeat","background-position":"center center","background-size":"auto","background-attachment":"scroll","background-type":"","background-media":"","overlay-type":"","overlay-color":"","overlay-opacity":"","overlay-gradient":""},"tablet":{"background-color":"","background-image":"","background-repeat":"repeat","background-position":"center center","background-size":"auto","background-attachment":"scroll","background-type":"","background-media":"","overlay-type":"","overlay-color":"","overlay-opacity":"","overlay-gradient":""},"mobile":{"background-color":"","background-image":"","background-repeat":"repeat","background-position":"center center","background-size":"auto","background-attachment":"scroll","background-type":"","background-media":"","overlay-type":"","overlay-color":"","overlay-opacity":"","overlay-gradient":""}},"ast-content-background-meta":{"desktop":{"background-color":"var(--ast-global-color-5)","background-image":"","background-repeat":"repeat","background-position":"center center","background-size":"auto","background-attachment":"scroll","background-type":"","background-media":"","overlay-type":"","overlay-color":"","overlay-opacity":"","overlay-gradient":""},"tablet":{"background-color":"var(--ast-global-color-5)","background-image":"","background-repeat":"repeat","background-position":"center center","background-size":"auto","background-attachment":"scroll","background-type":"","background-media":"","overlay-type":"","overlay-color":"","overlay-opacity":"","overlay-gradient":""},"mobile":{"background-color":"var(--ast-global-color-5)","background-image":"","background-repeat":"repeat","background-position":"center center","background-size":"auto","background-attachment":"scroll","background-type":"","background-media":"","overlay-type":"","overlay-color":"","overlay-opacity":"","overlay-gradient":""}}},"product_brand":[],"product_cat":[40],"product_tag":[],"class_list":{"0":"post-4284","1":"product","2":"type-product","3":"status-publish","4":"has-post-thumbnail","6":"product_cat-birios-trasos","7":"desktop-align-left","8":"tablet-align-left","9":"mobile-align-left","11":"first","12":"instock","13":"taxable","14":"shipping-taxable","15":"purchasable","16":"product-type-variable"},"aioseo_notices":[],"uagb_featured_image_src":{"full":["https:\/\/maasgroup.eu\/wp-content\/uploads\/2026\/02\/Lauko-darzoviu.png",1200,1200,false],"thumbnail":["https:\/\/maasgroup.eu\/wp-content\/uploads\/2026\/02\/Lauko-darzoviu-150x150.png",150,150,true],"medium":["https:\/\/maasgroup.eu\/wp-content\/uploads\/2026\/02\/Lauko-darzoviu-300x300.png",300,300,true],"medium_large":["https:\/\/maasgroup.eu\/wp-content\/uploads\/2026\/02\/Lauko-darzoviu-768x768.png",768,768,true],"large":["https:\/\/maasgroup.eu\/wp-content\/uploads\/2026\/02\/Lauko-darzoviu-1024x1024.png",1024,1024,true],"1536x1536":["https:\/\/maasgroup.eu\/wp-content\/uploads\/2026\/02\/Lauko-darzoviu.png",1200,1200,false],"2048x2048":["https:\/\/maasgroup.eu\/wp-content\/uploads\/2026\/02\/Lauko-darzoviu.png",1200,1200,false],"trp-custom-language-flag":["https:\/\/maasgroup.eu\/wp-content\/uploads\/2026\/02\/Lauko-darzoviu-12x12.png",12,12,true],"woocommerce_thumbnail":["https:\/\/maasgroup.eu\/wp-content\/uploads\/2026\/02\/Lauko-darzoviu-600x600.png",600,600,true],"woocommerce_single":["https:\/\/maasgroup.eu\/wp-content\/uploads\/2026\/02\/Lauko-darzoviu-600x600.png",600,600,true],"woocommerce_gallery_thumbnail":["https:\/\/maasgroup.eu\/wp-content\/uploads\/2026\/02\/Lauko-darzoviu-100x100.png",100,100,true]},"uagb_author_info":{"display_name":"Raimondas Serva","author_link":"https:\/\/maasgroup.eu\/lv\/author\/"},"uagb_comment_info":0,"uagb_excerpt":"kompleksin\u0117s tr\u0105\u0161os lauko dar\u017eov\u0117ms (11-9-20+Mg+S+B+Zn) Stiprus augimas ir gausus, kokybi\u0161kas derlius j\u016bs\u0173 dar\u017ee! \u0160ios kompleksin\u0117s bechlor\u0117s tr\u0105\u0161os yra sukurtos visoms pagrindin\u0117ms lauko dar\u017eov\u0117ms, kurioms reikia papildomos energijos formuojant vaisius, \u0161akniavaisius ar g\u016b\u017ees. Auk\u0161tas kalio kiekis u\u017etikrina, kad j\u016bs\u0173 u\u017eaugintos g\u0117ryb\u0117s bus ne tik didel\u0117s, bet ir skanios bei ilgai i\u0161liks \u0161vie\u017eios. Kod\u0117l \u0161i formul\u0117 (11-9-20)&hellip;","_links":{"self":[{"href":"https:\/\/maasgroup.eu\/lv\/wp-json\/wp\/v2\/product\/4284","targetHints":{"allow":["GET"]}}],"collection":[{"href":"https:\/\/maasgroup.eu\/lv\/wp-json\/wp\/v2\/product"}],"about":[{"href":"https:\/\/maasgroup.eu\/lv\/wp-json\/wp\/v2\/types\/product"}],"replies":[{"embeddable":true,"href":"https:\/\/maasgroup.eu\/lv\/wp-json\/wp\/v2\/comments?post=4284"}],"wp:featuredmedia":[{"embeddable":true,"href":"https:\/\/maasgroup.eu\/lv\/wp-json\/wp\/v2\/media\/4289"}],"wp:attachment":[{"href":"https:\/\/maasgroup.eu\/lv\/wp-json\/wp\/v2\/media?parent=4284"}],"wp:term":[{"taxonomy":"product_brand","embeddable":true,"href":"https:\/\/maasgroup.eu\/lv\/wp-json\/wp\/v2\/product_brand?post=4284"},{"taxonomy":"product_cat","embeddable":true,"href":"https:\/\/maasgroup.eu\/lv\/wp-json\/wp\/v2\/product_cat?post=4284"},{"taxonomy":"product_tag","embeddable":true,"href":"https:\/\/maasgroup.eu\/lv\/wp-json\/wp\/v2\/product_tag?post=4284"}],"curies":[{"name":"wp","href":"https:\/\/api.w.org\/{rel}","templated":true}]}}