{"id":4277,"date":"2026-02-19T17:38:49","date_gmt":"2026-02-19T17:38:49","guid":{"rendered":"https:\/\/maasgroup.eu\/?post_type=product&#038;p=4277"},"modified":"2026-02-19T17:38:49","modified_gmt":"2026-02-19T17:38:49","slug":"kompleksines-trasos-agurkams-moliugams-ir-cukinijoms-bechlores","status":"publish","type":"product","link":"https:\/\/maasgroup.eu\/lv\/product\/kompleksines-trasos-agurkams-moliugams-ir-cukinijoms-bechlores\/","title":{"rendered":"Kompleksais m\u0113slojums gur\u0137iem, \u0137irbjiem un cuk\u012bni, bez hlora"},"content":{"rendered":"<h3 data-path-to-node=\"11\">K\u0101p\u0113c j\u016bsu klientiem patiks \u0161is m\u0113slojums?<\/h3>\n<ul data-path-to-node=\"12\">\n<li>\n<p data-path-to-node=\"12,0,0\"><b data-path-to-node=\"12,0,0\" data-index-in-node=\"0\">Maz\u0101k &quot;tuk\u0161o&quot; gredzenu:<\/b> Mikroelementi veicina sievi\u0161\u0137o ziedu veido\u0161anos (kas p\u0101rv\u0113r\u0161as aug\u013cos).<\/p>\n<\/li>\n<li>\n<p data-path-to-node=\"12,1,0\"><b data-path-to-node=\"12,1,0\" data-index-in-node=\"0\">Krauk\u0161\u0137\u012bga tekst\u016bra un gar\u0161a:<\/b> Sabalans\u0113ts k\u0101lijs ne\u013cauj gur\u0137iem k\u013c\u016bt r\u016bgtiem un pie\u0161\u0137ir tiem stingr\u012bbu.<\/p>\n<\/li>\n<li>\n<p data-path-to-node=\"12,2,0\"><b data-path-to-node=\"12,2,0\" data-index-in-node=\"0\">Iztur\u012bba pret slim\u012bb\u0101m:<\/b> Stiprina augu sieni\u0146as, padarot t\u0101s iztur\u012bg\u0101kas pret miltrasu un cit\u0101m s\u0113n\u012b\u0161u slim\u012bb\u0101m.<\/p>\n<\/li>\n<li>\n<p data-path-to-node=\"12,3,0\"><b data-path-to-node=\"12,3,0\" data-index-in-node=\"0\">Dro\u0161\u012bba:<\/b> M\u0113slojums iz\u0161\u0137\u012bst pak\u0101peniski, t\u0101p\u0113c augs neizj\u016bt stresu p\u0113k\u0161\u0146u bar\u012bbas vielu l\u012bme\u0146a paaugstin\u0101\u0161an\u0101s d\u0113\u013c.<\/p>\n<\/li>\n<\/ul>\n<hr data-path-to-node=\"13\" \/>\n<h3 data-path-to-node=\"14\">Lieto\u0161anas ieteikumi:<\/h3>\n<ol start=\"1\" data-path-to-node=\"15\">\n<li>\n<p data-path-to-node=\"15,0,0\"><b data-path-to-node=\"15,0,0\" data-index-in-node=\"0\">Sagatavojot augsni:<\/b> Iestr\u0101d\u0101t augsn\u0113 pirms st\u0101d\u012b\u0161anas (aptuveni 40\u201380 g\/m\u00b2).<\/p>\n<\/li>\n<li>\n<p data-path-to-node=\"15,1,0\"><b data-path-to-node=\"15,1,0\" data-index-in-node=\"0\">Papildu m\u0113slo\u0161ana:<\/b> Gur\u0137us un cuk\u012bni ieteicams m\u0113slot ik p\u0113c 10\u201314 dien\u0101m p\u0113c masveida aug\u013cu veido\u0161an\u0101s s\u0101kuma (apm\u0113ram 15\u201320 g uz kr\u016bmu).<\/p>\n<\/li>\n<li>\n<p data-path-to-node=\"15,2,0\"><b data-path-to-node=\"15,2,0\" data-index-in-node=\"0\">Svar\u012bgi:<\/b> \u0136irbji m\u012bl mitrumu, t\u0101p\u0113c p\u0113c m\u0113slo\u0161anas tos r\u016bp\u012bgi aplaistiet, lai granulas iz\u0161\u0137\u012bstu un sasniegtu saknes.<\/p>\n<\/li>\n<\/ol>\n<blockquote data-path-to-node=\"16\">\n<p data-path-to-node=\"16,0\"><b data-path-to-node=\"16,0\" data-index-in-node=\"0\">Padoms:<\/b> Ja vasara ir lietaina, m\u0113slojiet bie\u017e\u0101k, bet maz\u0101k\u0101s dev\u0101s, jo \u016bdens izskalo bar\u012bbas vielas no viegl\u0101m augsn\u0113m.<\/p>\n<\/blockquote>","protected":false},"excerpt":{"rendered":"<h2 data-path-to-node=\"3\">Kompleksais m\u0113slojums gur\u0137iem, \u0137irbjiem un cuk\u012bni (10-10-17+Mg+S+B+Zn)<\/h2>\n<p data-path-to-node=\"4\"><b data-path-to-node=\"4\" data-index-in-node=\"0\">Lai bag\u0101t\u012bga ra\u017ea bez tuk\u0161iem ziediem!<\/b><\/p>\n<p data-path-to-node=\"5\">Gur\u0137i, \u0137irbji un cuk\u012bni ir vieni no visstrauj\u0101k augo\u0161ajiem d\u0101rze\u0146iem d\u0101rz\u0101. Lai tie ne tikai labi augtu, bet ar\u012b ra\u017eotu bag\u0101t\u012bgu ra\u017eu, tiem nepiecie\u0161ama \u012bpa\u0161a formula, kur\u0101 domin\u0113 k\u0101lijs un mikroelementi. \u0160ie <b data-path-to-node=\"5\" data-index-in-node=\"224\">zilas granulas<\/b> garant\u0113, ka j\u016bsu d\u0101rze\u0146i b\u016bs krauk\u0161\u0137\u012bgi, vesel\u012bgi un lieliski gar\u0161os.<\/p>\n<h3 data-path-to-node=\"6\">K\u0101p\u0113c \u0161\u012b formula (10-10-17) ir lab\u0101k\u0101 izv\u0113le?<\/h3>\n<p data-path-to-node=\"7\">\u0136irbjaugi ir jut\u012bgi pret s\u0101ls koncentr\u0101ciju un hloru, t\u0101p\u0113c tas <b data-path-to-node=\"7\" data-index-in-node=\"76\">bez hlora (uz SOP b\u0101zes)<\/b> sast\u0101vs ir dro\u0161\u0101k\u0101 izv\u0113le to sakn\u0113m.<\/p>\n<p data-path-to-node=\"8\"><b data-path-to-node=\"8\" data-index-in-node=\"0\">Akt\u012bv\u0101s sast\u0101vda\u013cas j\u016bsu ra\u017eas nov\u0101k\u0161anai:<\/b><\/p>\n<ul data-path-to-node=\"9\">\n<li>\n<p data-path-to-node=\"9,0,0\"><b data-path-to-node=\"9,0,0\" data-index-in-node=\"0\">K\u0101lijs (17%):<\/b> Vissvar\u012bg\u0101kais elements aug\u013cu aizmet\u0146o\u0161anai un kvalit\u0101tei. Tas nodro\u0161ina, ka gur\u0137i nav tuk\u0161i, un \u0137irbji un cuk\u012bni uzkr\u0101j nepiecie\u0161amo sausnas daudzumu un lab\u0101k iztur p\u0113c nov\u0101k\u0161anas.<\/p>\n<\/li>\n<li>\n<p data-path-to-node=\"9,1,0\"><b data-path-to-node=\"9,1,0\" data-index-in-node=\"0\">Sl\u0101peklis un fosfors (10-10):<\/b> Veicina optim\u0101lu aug\u0161anu. P\u0101r\u0101k daudz sl\u0101pek\u013ca izraisa auga &quot;aptauko\u0161anos&quot; (audz\u0113 tikai lapas), un \u0161\u012b attiec\u012bba veicina l\u012bdzsvaru starp lapotni un aug\u013ciem.<\/p>\n<\/li>\n<li>\n<p data-path-to-node=\"9,2,0\"><b data-path-to-node=\"9,2,0\" data-index-in-node=\"0\">Magnijs (Mg) un s\u0113rs (S):<\/b> Pie\u0161\u0137ir lap\u0101m bag\u0101t\u012bgu kr\u0101su. Tas ir \u012bpa\u0161i svar\u012bgi gur\u0137iem, jo magnija defic\u012bts nekav\u0113joties aptur fotosint\u0113zi un aug\u013cu aug\u0161anu.<\/p>\n<\/li>\n<li>\n<p data-path-to-node=\"9,3,0\"><b data-path-to-node=\"9,3,0\" data-index-in-node=\"0\">Bors (B):<\/b> Kritisks elements <b data-path-to-node=\"9,3,0\" data-index-in-node=\"39\">ziedu apputeksn\u0113\u0161anai<\/b>. Bors nodro\u0161ina, ka ziedi neiz\u017e\u016bst un veiksm\u012bgi att\u012bst\u0101s pumpuros.<\/p>\n<\/li>\n<\/ul>","protected":false},"featured_media":4278,"comment_status":"open","ping_status":"closed","template":"","meta":{"om_disable_all_campaigns":false,"_uag_custom_page_level_css":"","_monsterinsights_skip_tracking":false,"_monsterinsights_sitenote_active":false,"_monsterinsights_sitenote_note":"","_monsterinsights_sitenote_category":0,"site-sidebar-layout":"default","site-content-layout":"","ast-site-content-layout":"default","site-content-style":"default","site-sidebar-style":"default","ast-global-header-display":"","ast-banner-title-visibility":"","ast-main-header-display":"","ast-hfb-above-header-display":"","ast-hfb-below-header-display":"","ast-hfb-mobile-header-display":"","site-post-title":"","ast-breadcrumbs-content":"","ast-featured-img":"","footer-sml-layout":"","ast-disable-related-posts":"","theme-transparent-header-meta":"default","adv-header-id-meta":"","stick-header-meta":"","header-above-stick-meta":"","header-main-stick-meta":"","header-below-stick-meta":"","astra-migrate-meta-layouts":"set","ast-page-background-enabled":"default","ast-page-background-meta":{"desktop":{"background-color":"var(--ast-global-color-4)","background-image":"","background-repeat":"repeat","background-position":"center center","background-size":"auto","background-attachment":"scroll","background-type":"","background-media":"","overlay-type":"","overlay-color":"","overlay-opacity":"","overlay-gradient":""},"tablet":{"background-color":"","background-image":"","background-repeat":"repeat","background-position":"center center","background-size":"auto","background-attachment":"scroll","background-type":"","background-media":"","overlay-type":"","overlay-color":"","overlay-opacity":"","overlay-gradient":""},"mobile":{"background-color":"","background-image":"","background-repeat":"repeat","background-position":"center center","background-size":"auto","background-attachment":"scroll","background-type":"","background-media":"","overlay-type":"","overlay-color":"","overlay-opacity":"","overlay-gradient":""}},"ast-content-background-meta":{"desktop":{"background-color":"var(--ast-global-color-5)","background-image":"","background-repeat":"repeat","background-position":"center center","background-size":"auto","background-attachment":"scroll","background-type":"","background-media":"","overlay-type":"","overlay-color":"","overlay-opacity":"","overlay-gradient":""},"tablet":{"background-color":"var(--ast-global-color-5)","background-image":"","background-repeat":"repeat","background-position":"center center","background-size":"auto","background-attachment":"scroll","background-type":"","background-media":"","overlay-type":"","overlay-color":"","overlay-opacity":"","overlay-gradient":""},"mobile":{"background-color":"var(--ast-global-color-5)","background-image":"","background-repeat":"repeat","background-position":"center center","background-size":"auto","background-attachment":"scroll","background-type":"","background-media":"","overlay-type":"","overlay-color":"","overlay-opacity":"","overlay-gradient":""}}},"product_brand":[],"product_cat":[40],"product_tag":[],"class_list":{"0":"post-4277","1":"product","2":"type-product","3":"status-publish","4":"has-post-thumbnail","6":"product_cat-birios-trasos","7":"desktop-align-left","8":"tablet-align-left","9":"mobile-align-left","11":"first","12":"instock","13":"taxable","14":"shipping-taxable","15":"purchasable","16":"product-type-variable"},"aioseo_notices":[],"uagb_featured_image_src":{"full":["https:\/\/maasgroup.eu\/wp-content\/uploads\/2026\/02\/Ekrano-nuotrauka-2026-02-19-191913.png",907,865,false],"thumbnail":["https:\/\/maasgroup.eu\/wp-content\/uploads\/2026\/02\/Ekrano-nuotrauka-2026-02-19-191913-150x150.png",150,150,true],"medium":["https:\/\/maasgroup.eu\/wp-content\/uploads\/2026\/02\/Ekrano-nuotrauka-2026-02-19-191913-300x286.png",300,286,true],"medium_large":["https:\/\/maasgroup.eu\/wp-content\/uploads\/2026\/02\/Ekrano-nuotrauka-2026-02-19-191913-768x732.png",768,732,true],"large":["https:\/\/maasgroup.eu\/wp-content\/uploads\/2026\/02\/Ekrano-nuotrauka-2026-02-19-191913.png",907,865,false],"1536x1536":["https:\/\/maasgroup.eu\/wp-content\/uploads\/2026\/02\/Ekrano-nuotrauka-2026-02-19-191913.png",907,865,false],"2048x2048":["https:\/\/maasgroup.eu\/wp-content\/uploads\/2026\/02\/Ekrano-nuotrauka-2026-02-19-191913.png",907,865,false],"trp-custom-language-flag":["https:\/\/maasgroup.eu\/wp-content\/uploads\/2026\/02\/Ekrano-nuotrauka-2026-02-19-191913-13x12.png",13,12,true],"woocommerce_thumbnail":["https:\/\/maasgroup.eu\/wp-content\/uploads\/2026\/02\/Ekrano-nuotrauka-2026-02-19-191913-600x572.png",600,572,true],"woocommerce_single":["https:\/\/maasgroup.eu\/wp-content\/uploads\/2026\/02\/Ekrano-nuotrauka-2026-02-19-191913-600x572.png",600,572,true],"woocommerce_gallery_thumbnail":["https:\/\/maasgroup.eu\/wp-content\/uploads\/2026\/02\/Ekrano-nuotrauka-2026-02-19-191913-100x100.png",100,100,true]},"uagb_author_info":{"display_name":"Raimondas Serva","author_link":"https:\/\/maasgroup.eu\/lv\/author\/"},"uagb_comment_info":0,"uagb_excerpt":"Kompleksin\u0117s tr\u0105\u0161os agurkams, moli\u016bgams ir cukinijoms (10-10-17+Mg+S+B+Zn) Gausiam derliui be tu\u0161\u010di\u0173 \u017eied\u0173! Agurkai, moli\u016bgai ir cukinijos yra vieni spar\u010diausiai augan\u010di\u0173 dar\u017eo augal\u0173. Norint, kad jie ne tik leist\u0173 \u016bsus, bet ir megzt\u0173 gaus\u0173 derli\u0173, jiems reikalinga speciali formul\u0117, kurioje dominuoja kalis ir mikroelementai. \u0160ios m\u0117lynosios granul\u0117s u\u017etikrina, kad j\u016bs\u0173 dar\u017eov\u0117s bus tra\u0161kios, sveikos ir puikaus&hellip;","_links":{"self":[{"href":"https:\/\/maasgroup.eu\/lv\/wp-json\/wp\/v2\/product\/4277","targetHints":{"allow":["GET"]}}],"collection":[{"href":"https:\/\/maasgroup.eu\/lv\/wp-json\/wp\/v2\/product"}],"about":[{"href":"https:\/\/maasgroup.eu\/lv\/wp-json\/wp\/v2\/types\/product"}],"replies":[{"embeddable":true,"href":"https:\/\/maasgroup.eu\/lv\/wp-json\/wp\/v2\/comments?post=4277"}],"wp:featuredmedia":[{"embeddable":true,"href":"https:\/\/maasgroup.eu\/lv\/wp-json\/wp\/v2\/media\/4278"}],"wp:attachment":[{"href":"https:\/\/maasgroup.eu\/lv\/wp-json\/wp\/v2\/media?parent=4277"}],"wp:term":[{"taxonomy":"product_brand","embeddable":true,"href":"https:\/\/maasgroup.eu\/lv\/wp-json\/wp\/v2\/product_brand?post=4277"},{"taxonomy":"product_cat","embeddable":true,"href":"https:\/\/maasgroup.eu\/lv\/wp-json\/wp\/v2\/product_cat?post=4277"},{"taxonomy":"product_tag","embeddable":true,"href":"https:\/\/maasgroup.eu\/lv\/wp-json\/wp\/v2\/product_tag?post=4277"}],"curies":[{"name":"wp","href":"https:\/\/api.w.org\/{rel}","templated":true}]}}