{"id":3567,"date":"2026-02-08T15:42:50","date_gmt":"2026-02-08T15:42:50","guid":{"rendered":"https:\/\/maasgroup.eu\/?post_type=product&#038;p=3567"},"modified":"2026-03-14T16:56:13","modified_gmt":"2026-03-14T16:56:13","slug":"ismanusis-mastitu-detektorius","status":"publish","type":"product","link":"https:\/\/maasgroup.eu\/lv\/product\/ismanusis-mastitu-detektorius\/","title":{"rendered":"I\u0161manusis mastit\u0173 detektorius"},"content":{"rendered":"<p><span class=\"html-span xexx8yu xyri2b x18d9i69 x1c1uobl x1hl2dhg x16tdsg8 x1vvkbs x3nfvp2 x1j61x8r x1fcty0u xdj266r xat24cr xm2jcoa x1mpyi22 xxymvpz xlup9mm x1kky2od\"><img decoding=\"async\" class=\"xz74otr x15mokao x1ga7v0g x16uus16 xbiv7yw\" src=\"https:\/\/static.xx.fbcdn.net\/images\/emoji.php\/v9\/ta5\/1\/16\/1f195.png\" alt=\"\ud83c\udd95\" width=\"16\" height=\"16\" title=\"I\u0161manusis mastit\u0173 detektorius\"><\/span> Naujiena Lietuvos \u016bkininkams! <span class=\"html-span xexx8yu xyri2b x18d9i69 x1c1uobl x1hl2dhg x16tdsg8 x1vvkbs x3nfvp2 x1j61x8r x1fcty0u xdj266r xat24cr xm2jcoa x1mpyi22 xxymvpz xlup9mm x1kky2od\"><img decoding=\"async\" class=\"xz74otr x15mokao x1ga7v0g x16uus16 xbiv7yw\" src=\"https:\/\/static.xx.fbcdn.net\/images\/emoji.php\/v9\/t50\/1\/16\/1f404.png\" alt=\"\ud83d\udc04\" width=\"16\" height=\"16\" title=\"I\u0161manusis mastit\u0173 detektorius\"><\/span><span class=\"html-span xexx8yu xyri2b x18d9i69 x1c1uobl x1hl2dhg x16tdsg8 x1vvkbs x3nfvp2 x1j61x8r x1fcty0u xdj266r xat24cr xm2jcoa x1mpyi22 xxymvpz xlup9mm x1kky2od\"><img decoding=\"async\" class=\"xz74otr x15mokao x1ga7v0g x16uus16 xbiv7yw\" src=\"https:\/\/static.xx.fbcdn.net\/images\/emoji.php\/v9\/t42\/1\/16\/1f4a7.png\" alt=\"\ud83d\udca7\" width=\"16\" height=\"16\" title=\"I\u0161manusis mastit\u0173 detektorius\"><\/span> I\u0160MANUS MASTITO DETEKTORIUS \u2013 greitas sprendimas \u0161variam ir kokybi\u0161kam pienui! <span class=\"html-span xexx8yu xyri2b x18d9i69 x1c1uobl x1hl2dhg x16tdsg8 x1vvkbs x3nfvp2 x1j61x8r x1fcty0u xdj266r xat24cr xm2jcoa x1mpyi22 xxymvpz xlup9mm x1kky2od\"><img decoding=\"async\" class=\"xz74otr x15mokao x1ga7v0g x16uus16 xbiv7yw\" src=\"https:\/\/static.xx.fbcdn.net\/images\/emoji.php\/v9\/tb5\/1\/16\/23f1.png\" alt=\"\u23f1\" width=\"16\" height=\"16\" title=\"I\u0161manusis mastit\u0173 detektorius\"><\/span> Tikrink kiekvien\u0105 karv\u0119 mel\u017eimo metu \u2013 be jokios papildomos \u012frangos! <span class=\"html-span xexx8yu xyri2b x18d9i69 x1c1uobl x1hl2dhg x16tdsg8 x1vvkbs x3nfvp2 x1j61x8r x1fcty0u xdj266r xat24cr xm2jcoa x1mpyi22 xxymvpz xlup9mm x1kky2od\"><img decoding=\"async\" class=\"xz74otr x15mokao x1ga7v0g x16uus16 xbiv7yw\" src=\"https:\/\/static.xx.fbcdn.net\/images\/emoji.php\/v9\/tc1\/1\/16\/1f50d.png\" alt=\"\ud83d\udd0d\" width=\"16\" height=\"16\" title=\"I\u0161manusis mastit\u0173 detektorius\"><\/span> Vizualinis pieno kokyb\u0117s steb\u0117jimas realiu laiku \u2013 pasteb\u0117si dribsnius, krauj\u0105 ar u\u017edegimo po\u017eymius vos tik prad\u0117jus mel\u017eti. <span class=\"html-span xexx8yu xyri2b x18d9i69 x1c1uobl x1hl2dhg x16tdsg8 x1vvkbs x3nfvp2 x1j61x8r x1fcty0u xdj266r xat24cr xm2jcoa x1mpyi22 xxymvpz xlup9mm x1kky2od\"><img decoding=\"async\" class=\"xz74otr x15mokao x1ga7v0g x16uus16 xbiv7yw\" src=\"https:\/\/static.xx.fbcdn.net\/images\/emoji.php\/v9\/t33\/1\/16\/2705.png\" alt=\"\u2705\" width=\"16\" height=\"16\" title=\"I\u0161manusis mastit\u0173 detektorius\"><\/span> Padeda greitai atskirti sergan\u010dias karves ir u\u017ekirsti keli\u0105 mastito plitimui. <span class=\"html-span xexx8yu xyri2b x18d9i69 x1c1uobl x1hl2dhg x16tdsg8 x1vvkbs x3nfvp2 x1j61x8r x1fcty0u xdj266r xat24cr xm2jcoa x1mpyi22 xxymvpz xlup9mm x1kky2od\"><img decoding=\"async\" class=\"xz74otr x15mokao x1ga7v0g x16uus16 xbiv7yw\" src=\"https:\/\/static.xx.fbcdn.net\/images\/emoji.php\/v9\/t3c\/1\/16\/1f4a1.png\" alt=\"\ud83d\udca1\" width=\"16\" height=\"16\" title=\"I\u0161manusis mastit\u0173 detektorius\"><\/span> Paprastas montavimas tarp spenio kau\u0161elio ir \u017earnos \u2013 tinka daugumai mel\u017eimo sistem\u0173. <span class=\"html-span xexx8yu xyri2b x18d9i69 x1c1uobl x1hl2dhg x16tdsg8 x1vvkbs x3nfvp2 x1j61x8r x1fcty0u xdj266r xat24cr xm2jcoa x1mpyi22 xxymvpz xlup9mm x1kky2od\"><img decoding=\"async\" class=\"xz74otr x15mokao x1ga7v0g x16uus16 xbiv7yw\" src=\"https:\/\/static.xx.fbcdn.net\/images\/emoji.php\/v9\/tb0\/1\/16\/1f3af.png\" alt=\"\ud83c\udfaf\" width=\"16\" height=\"16\" title=\"I\u0161manusis mastit\u0173 detektorius\"><\/span> I\u0161laikyk auk\u0161\u010diausi\u0105 pieno kokyb\u0119 \u2013 be papildom\u0173 i\u0161laid\u0173 ar laboratorij\u0173! <span class=\"html-span xexx8yu xyri2b x18d9i69 x1c1uobl x1hl2dhg x16tdsg8 x1vvkbs x3nfvp2 x1j61x8r x1fcty0u xdj266r xat24cr xm2jcoa x1mpyi22 xxymvpz xlup9mm x1kky2od\"><img decoding=\"async\" class=\"xz74otr x15mokao x1ga7v0g x16uus16 xbiv7yw\" src=\"https:\/\/static.xx.fbcdn.net\/images\/emoji.php\/v9\/t18\/1\/16\/1f69c.png\" alt=\"\ud83d\ude9c\" width=\"16\" height=\"16\" title=\"I\u0161manusis mastit\u0173 detektorius\"><\/span> Prad\u0117k naudoti jau \u0161iandien \u2013 parodyk, kad Tavo \u016bkis dirba protingai!<\/p>\n<p>&nbsp;<\/p>\n<p>Montuojama ant 16 mm pieno \u017earnos<\/p>","protected":false},"excerpt":{"rendered":"<p>Naujiena Lietuvos \u016bkininkams! I\u0160MANUS MASTITO DETEKTORIUS \u2013 greitas sprendimas \u0161variam ir kokybi\u0161kam pienui! Tikrink kiekvien\u0105 karv\u0119 mel\u017eimo metu \u2013 be jokios papildomos \u012frangos! Vizualinis pieno kokyb\u0117s steb\u0117jimas realiu laiku \u2013 pasteb\u0117si dribsnius, krauj\u0105 ar u\u017edegimo po\u017eymius vos tik prad\u0117jus mel\u017eti. Padeda greitai atskirti sergan\u010dias karves ir u\u017ekirsti keli\u0105 mastito plitimui. Paprastas montavimas tarp spenio kau\u0161elio [&hellip;]<\/p>\n","protected":false},"featured_media":3596,"comment_status":"open","ping_status":"closed","template":"","meta":{"om_disable_all_campaigns":false,"_uag_custom_page_level_css":"","_monsterinsights_skip_tracking":false,"_monsterinsights_sitenote_active":false,"_monsterinsights_sitenote_note":"","_monsterinsights_sitenote_category":0,"site-sidebar-layout":"default","site-content-layout":"","ast-site-content-layout":"default","site-content-style":"default","site-sidebar-style":"default","ast-global-header-display":"","ast-banner-title-visibility":"","ast-main-header-display":"","ast-hfb-above-header-display":"","ast-hfb-below-header-display":"","ast-hfb-mobile-header-display":"","site-post-title":"","ast-breadcrumbs-content":"","ast-featured-img":"","footer-sml-layout":"","ast-disable-related-posts":"","theme-transparent-header-meta":"","adv-header-id-meta":"","stick-header-meta":"","header-above-stick-meta":"","header-main-stick-meta":"","header-below-stick-meta":"","astra-migrate-meta-layouts":"default","ast-page-background-enabled":"default","ast-page-background-meta":{"desktop":{"background-color":"var(--ast-global-color-4)","background-image":"","background-repeat":"repeat","background-position":"center center","background-size":"auto","background-attachment":"scroll","background-type":"","background-media":"","overlay-type":"","overlay-color":"","overlay-opacity":"","overlay-gradient":""},"tablet":{"background-color":"","background-image":"","background-repeat":"repeat","background-position":"center center","background-size":"auto","background-attachment":"scroll","background-type":"","background-media":"","overlay-type":"","overlay-color":"","overlay-opacity":"","overlay-gradient":""},"mobile":{"background-color":"","background-image":"","background-repeat":"repeat","background-position":"center center","background-size":"auto","background-attachment":"scroll","background-type":"","background-media":"","overlay-type":"","overlay-color":"","overlay-opacity":"","overlay-gradient":""}},"ast-content-background-meta":{"desktop":{"background-color":"var(--ast-global-color-5)","background-image":"","background-repeat":"repeat","background-position":"center center","background-size":"auto","background-attachment":"scroll","background-type":"","background-media":"","overlay-type":"","overlay-color":"","overlay-opacity":"","overlay-gradient":""},"tablet":{"background-color":"var(--ast-global-color-5)","background-image":"","background-repeat":"repeat","background-position":"center center","background-size":"auto","background-attachment":"scroll","background-type":"","background-media":"","overlay-type":"","overlay-color":"","overlay-opacity":"","overlay-gradient":""},"mobile":{"background-color":"var(--ast-global-color-5)","background-image":"","background-repeat":"repeat","background-position":"center center","background-size":"auto","background-attachment":"scroll","background-type":"","background-media":"","overlay-type":"","overlay-color":"","overlay-opacity":"","overlay-gradient":""}}},"product_brand":[],"product_cat":[109,42,110],"product_tag":[],"class_list":{"0":"post-3567","1":"product","2":"type-product","3":"status-publish","4":"has-post-thumbnail","6":"product_cat-kitos-prekes","7":"product_cat-maasfarm","8":"product_cat-melzimo-aparatai","9":"desktop-align-left","10":"tablet-align-left","11":"mobile-align-left","13":"first","14":"instock","15":"taxable","16":"shipping-taxable","17":"purchasable","18":"product-type-simple"},"aioseo_notices":[],"uagb_featured_image_src":{"full":["https:\/\/maasgroup.eu\/wp-content\/uploads\/2026\/02\/Ekrano-nuotrauka-2025-07-24-102718.png",537,545,false],"thumbnail":["https:\/\/maasgroup.eu\/wp-content\/uploads\/2026\/02\/Ekrano-nuotrauka-2025-07-24-102718-150x150.png",150,150,true],"medium":["https:\/\/maasgroup.eu\/wp-content\/uploads\/2026\/02\/Ekrano-nuotrauka-2025-07-24-102718-296x300.png",296,300,true],"medium_large":["https:\/\/maasgroup.eu\/wp-content\/uploads\/2026\/02\/Ekrano-nuotrauka-2025-07-24-102718.png",537,545,false],"large":["https:\/\/maasgroup.eu\/wp-content\/uploads\/2026\/02\/Ekrano-nuotrauka-2025-07-24-102718.png",537,545,false],"1536x1536":["https:\/\/maasgroup.eu\/wp-content\/uploads\/2026\/02\/Ekrano-nuotrauka-2025-07-24-102718.png",537,545,false],"2048x2048":["https:\/\/maasgroup.eu\/wp-content\/uploads\/2026\/02\/Ekrano-nuotrauka-2025-07-24-102718.png",537,545,false],"trp-custom-language-flag":["https:\/\/maasgroup.eu\/wp-content\/uploads\/2026\/02\/Ekrano-nuotrauka-2025-07-24-102718-12x12.png",12,12,true],"woocommerce_thumbnail":["https:\/\/maasgroup.eu\/wp-content\/uploads\/2026\/02\/Ekrano-nuotrauka-2025-07-24-102718.png",537,545,false],"woocommerce_single":["https:\/\/maasgroup.eu\/wp-content\/uploads\/2026\/02\/Ekrano-nuotrauka-2025-07-24-102718.png",537,545,false],"woocommerce_gallery_thumbnail":["https:\/\/maasgroup.eu\/wp-content\/uploads\/2026\/02\/Ekrano-nuotrauka-2025-07-24-102718-100x100.png",100,100,true]},"uagb_author_info":{"display_name":"Raimondas Serva","author_link":"https:\/\/maasgroup.eu\/lv\/author\/"},"uagb_comment_info":0,"uagb_excerpt":"Naujiena Lietuvos \u016bkininkams! I\u0160MANUS MASTITO DETEKTORIUS \u2013 greitas sprendimas \u0161variam ir kokybi\u0161kam pienui! Tikrink kiekvien\u0105 karv\u0119 mel\u017eimo metu \u2013 be jokios papildomos \u012frangos! Vizualinis pieno kokyb\u0117s steb\u0117jimas realiu laiku \u2013 pasteb\u0117si dribsnius, krauj\u0105 ar u\u017edegimo po\u017eymius vos tik prad\u0117jus mel\u017eti. Padeda greitai atskirti sergan\u010dias karves ir u\u017ekirsti keli\u0105 mastito plitimui. Paprastas montavimas tarp spenio kau\u0161elio&hellip;","_links":{"self":[{"href":"https:\/\/maasgroup.eu\/lv\/wp-json\/wp\/v2\/product\/3567","targetHints":{"allow":["GET"]}}],"collection":[{"href":"https:\/\/maasgroup.eu\/lv\/wp-json\/wp\/v2\/product"}],"about":[{"href":"https:\/\/maasgroup.eu\/lv\/wp-json\/wp\/v2\/types\/product"}],"replies":[{"embeddable":true,"href":"https:\/\/maasgroup.eu\/lv\/wp-json\/wp\/v2\/comments?post=3567"}],"wp:featuredmedia":[{"embeddable":true,"href":"https:\/\/maasgroup.eu\/lv\/wp-json\/wp\/v2\/media\/3596"}],"wp:attachment":[{"href":"https:\/\/maasgroup.eu\/lv\/wp-json\/wp\/v2\/media?parent=3567"}],"wp:term":[{"taxonomy":"product_brand","embeddable":true,"href":"https:\/\/maasgroup.eu\/lv\/wp-json\/wp\/v2\/product_brand?post=3567"},{"taxonomy":"product_cat","embeddable":true,"href":"https:\/\/maasgroup.eu\/lv\/wp-json\/wp\/v2\/product_cat?post=3567"},{"taxonomy":"product_tag","embeddable":true,"href":"https:\/\/maasgroup.eu\/lv\/wp-json\/wp\/v2\/product_tag?post=3567"}],"curies":[{"name":"wp","href":"https:\/\/api.w.org\/{rel}","templated":true}]}}