{"id":3553,"date":"2026-02-08T15:42:46","date_gmt":"2026-02-08T15:42:46","guid":{"rendered":"https:\/\/maasgroup.eu\/?post_type=product&#038;p=3553"},"modified":"2026-02-09T13:59:32","modified_gmt":"2026-02-09T13:59:32","slug":"hidraulinio-pulsatoriaus-adapteris-bakelio-pilnas-komplektas-delawal","status":"publish","type":"product","link":"https:\/\/maasgroup.eu\/lv\/product\/hidraulinio-pulsatoriaus-adapteris-bakelio-pilnas-komplektas-delawal\/","title":{"rendered":"Hidraulisk\u0101 pulsatora adapteris tvertnei, pilns komplekts DELAWAL"},"content":{"rendered":"<p>Suderinamas su \u012fprastais mel\u017eimo bakais.<br \/>\n\u013boti prec\u012bzs un stabils darbs.<br \/>\nGalimyb\u0117 \u012fsigyti visas atsargines dalis<\/p>","protected":false},"excerpt":{"rendered":"<p>Suderinamas su \u012fprastais mel\u017eimo bakais. Labai tvirtas ir tikslus darbas. Galimyb\u0117 \u012fsigyti visas atsargines dalis<\/p>","protected":false},"featured_media":3580,"comment_status":"open","ping_status":"closed","template":"","meta":{"om_disable_all_campaigns":false,"_uag_custom_page_level_css":"","_monsterinsights_skip_tracking":false,"_monsterinsights_sitenote_active":false,"_monsterinsights_sitenote_note":"","_monsterinsights_sitenote_category":0,"site-sidebar-layout":"default","site-content-layout":"","ast-site-content-layout":"default","site-content-style":"default","site-sidebar-style":"default","ast-global-header-display":"","ast-banner-title-visibility":"","ast-main-header-display":"","ast-hfb-above-header-display":"","ast-hfb-below-header-display":"","ast-hfb-mobile-header-display":"","site-post-title":"","ast-breadcrumbs-content":"","ast-featured-img":"","footer-sml-layout":"","ast-disable-related-posts":"","theme-transparent-header-meta":"","adv-header-id-meta":"","stick-header-meta":"","header-above-stick-meta":"","header-main-stick-meta":"","header-below-stick-meta":"","astra-migrate-meta-layouts":"default","ast-page-background-enabled":"default","ast-page-background-meta":{"desktop":{"background-color":"var(--ast-global-color-4)","background-image":"","background-repeat":"repeat","background-position":"center center","background-size":"auto","background-attachment":"scroll","background-type":"","background-media":"","overlay-type":"","overlay-color":"","overlay-opacity":"","overlay-gradient":""},"tablet":{"background-color":"","background-image":"","background-repeat":"repeat","background-position":"center center","background-size":"auto","background-attachment":"scroll","background-type":"","background-media":"","overlay-type":"","overlay-color":"","overlay-opacity":"","overlay-gradient":""},"mobile":{"background-color":"","background-image":"","background-repeat":"repeat","background-position":"center center","background-size":"auto","background-attachment":"scroll","background-type":"","background-media":"","overlay-type":"","overlay-color":"","overlay-opacity":"","overlay-gradient":""}},"ast-content-background-meta":{"desktop":{"background-color":"var(--ast-global-color-5)","background-image":"","background-repeat":"repeat","background-position":"center center","background-size":"auto","background-attachment":"scroll","background-type":"","background-media":"","overlay-type":"","overlay-color":"","overlay-opacity":"","overlay-gradient":""},"tablet":{"background-color":"var(--ast-global-color-5)","background-image":"","background-repeat":"repeat","background-position":"center center","background-size":"auto","background-attachment":"scroll","background-type":"","background-media":"","overlay-type":"","overlay-color":"","overlay-opacity":"","overlay-gradient":""},"mobile":{"background-color":"var(--ast-global-color-5)","background-image":"","background-repeat":"repeat","background-position":"center center","background-size":"auto","background-attachment":"scroll","background-type":"","background-media":"","overlay-type":"","overlay-color":"","overlay-opacity":"","overlay-gradient":""}}},"product_brand":[],"product_cat":[42,105],"product_tag":[],"class_list":{"0":"post-3553","1":"product","2":"type-product","3":"status-publish","4":"has-post-thumbnail","6":"product_cat-maasfarm","7":"product_cat-pulsatoriai-ir-ju-dalys","8":"desktop-align-left","9":"tablet-align-left","10":"mobile-align-left","12":"first","13":"instock","14":"taxable","15":"shipping-taxable","16":"purchasable","17":"product-type-simple"},"aioseo_notices":[],"uagb_featured_image_src":{"full":["https:\/\/maasgroup.eu\/wp-content\/uploads\/2026\/02\/Adapteris-pulsatoriui-Nedlac-vamzd-iui-700x700-1.jpg",700,700,false],"thumbnail":["https:\/\/maasgroup.eu\/wp-content\/uploads\/2026\/02\/Adapteris-pulsatoriui-Nedlac-vamzd-iui-700x700-1-150x150.jpg",150,150,true],"medium":["https:\/\/maasgroup.eu\/wp-content\/uploads\/2026\/02\/Adapteris-pulsatoriui-Nedlac-vamzd-iui-700x700-1-300x300.jpg",300,300,true],"medium_large":["https:\/\/maasgroup.eu\/wp-content\/uploads\/2026\/02\/Adapteris-pulsatoriui-Nedlac-vamzd-iui-700x700-1.jpg",700,700,false],"large":["https:\/\/maasgroup.eu\/wp-content\/uploads\/2026\/02\/Adapteris-pulsatoriui-Nedlac-vamzd-iui-700x700-1.jpg",700,700,false],"1536x1536":["https:\/\/maasgroup.eu\/wp-content\/uploads\/2026\/02\/Adapteris-pulsatoriui-Nedlac-vamzd-iui-700x700-1.jpg",700,700,false],"2048x2048":["https:\/\/maasgroup.eu\/wp-content\/uploads\/2026\/02\/Adapteris-pulsatoriui-Nedlac-vamzd-iui-700x700-1.jpg",700,700,false],"trp-custom-language-flag":["https:\/\/maasgroup.eu\/wp-content\/uploads\/2026\/02\/Adapteris-pulsatoriui-Nedlac-vamzd-iui-700x700-1-12x12.jpg",12,12,true],"woocommerce_thumbnail":["https:\/\/maasgroup.eu\/wp-content\/uploads\/2026\/02\/Adapteris-pulsatoriui-Nedlac-vamzd-iui-700x700-1-600x600.jpg",600,600,true],"woocommerce_single":["https:\/\/maasgroup.eu\/wp-content\/uploads\/2026\/02\/Adapteris-pulsatoriui-Nedlac-vamzd-iui-700x700-1-600x600.jpg",600,600,true],"woocommerce_gallery_thumbnail":["https:\/\/maasgroup.eu\/wp-content\/uploads\/2026\/02\/Adapteris-pulsatoriui-Nedlac-vamzd-iui-700x700-1-100x100.jpg",100,100,true]},"uagb_author_info":{"display_name":"Raimondas Serva","author_link":"https:\/\/maasgroup.eu\/lv\/author\/"},"uagb_comment_info":0,"uagb_excerpt":"Suderinamas su \u012fprastais mel\u017eimo bakais. Labai tvirtas ir tikslus darbas. Galimyb\u0117 \u012fsigyti visas atsargines dalis","_links":{"self":[{"href":"https:\/\/maasgroup.eu\/lv\/wp-json\/wp\/v2\/product\/3553","targetHints":{"allow":["GET"]}}],"collection":[{"href":"https:\/\/maasgroup.eu\/lv\/wp-json\/wp\/v2\/product"}],"about":[{"href":"https:\/\/maasgroup.eu\/lv\/wp-json\/wp\/v2\/types\/product"}],"replies":[{"embeddable":true,"href":"https:\/\/maasgroup.eu\/lv\/wp-json\/wp\/v2\/comments?post=3553"}],"wp:featuredmedia":[{"embeddable":true,"href":"https:\/\/maasgroup.eu\/lv\/wp-json\/wp\/v2\/media\/3580"}],"wp:attachment":[{"href":"https:\/\/maasgroup.eu\/lv\/wp-json\/wp\/v2\/media?parent=3553"}],"wp:term":[{"taxonomy":"product_brand","embeddable":true,"href":"https:\/\/maasgroup.eu\/lv\/wp-json\/wp\/v2\/product_brand?post=3553"},{"taxonomy":"product_cat","embeddable":true,"href":"https:\/\/maasgroup.eu\/lv\/wp-json\/wp\/v2\/product_cat?post=3553"},{"taxonomy":"product_tag","embeddable":true,"href":"https:\/\/maasgroup.eu\/lv\/wp-json\/wp\/v2\/product_tag?post=3553"}],"curies":[{"name":"wp","href":"https:\/\/api.w.org\/{rel}","templated":true}]}}