{"id":3501,"date":"2026-02-08T15:42:27","date_gmt":"2026-02-08T15:42:27","guid":{"rendered":"https:\/\/maasgroup.eu\/?post_type=product&#038;p=3501"},"modified":"2026-02-09T14:08:19","modified_gmt":"2026-02-09T14:08:19","slug":"plokstele-grafitine-komplektas-4vnt-3","status":"publish","type":"product","link":"https:\/\/maasgroup.eu\/lv\/product\/plokstele-grafitine-komplektas-4vnt-3\/","title":{"rendered":"Plok\u0161tel\u0117 grafitin\u0117 (komplektas 4vnt)"},"content":{"rendered":"<div class=\"col-xs-12 col-lg-4\">\n<div class=\"product-description is-details\">Grafitin\u0117s plok\u0161tel\u0117s naudojamos vakuumo siurblyje<\/div>\n<\/div>\n<div class=\"col-xs-12 col-lg-8\">\n<div id=\"product-details\" data-product=\"{&quot;id_shop_default&quot;:&quot;1&quot;,&quot;id_manufacturer&quot;:&quot;32&quot;,&quot;id_supplier&quot;:&quot;0&quot;,&quot;reference&quot;:&quot;017200975&quot;,&quot;is_virtual&quot;:&quot;0&quot;,&quot;delivery_in_stock&quot;:&quot;&quot;,&quot;delivery_out_stock&quot;:&quot;&quot;,&quot;id_category_default&quot;:&quot;386&quot;,&quot;on_sale&quot;:&quot;0&quot;,&quot;online_only&quot;:&quot;1&quot;,&quot;ecotax&quot;:0,&quot;minimal_quantity&quot;:&quot;1&quot;,&quot;low_stock_threshold&quot;:null,&quot;low_stock_alert&quot;:&quot;0&quot;,&quot;price&quot;:&quot;17,46u00a0u20ac&quot;,&quot;unity&quot;:&quot;VNT&quot;,&quot;unit_price_ratio&quot;:&quot;0.000000&quot;,&quot;additional_shipping_cost&quot;:&quot;0.000000&quot;,&quot;customizable&quot;:&quot;0&quot;,&quot;text_fields&quot;:&quot;0&quot;,&quot;uploadable_files&quot;:&quot;0&quot;,&quot;redirect_type&quot;:&quot;&quot;,&quot;id_type_redirected&quot;:&quot;0&quot;,&quot;available_for_order&quot;:&quot;1&quot;,&quot;available_date&quot;:&quot;0000-00-00&quot;,&quot;show_condition&quot;:&quot;0&quot;,&quot;condition&quot;:&quot;new&quot;,&quot;show_price&quot;:&quot;1&quot;,&quot;indexed&quot;:&quot;1&quot;,&quot;visibility&quot;:&quot;both&quot;,&quot;cache_default_attribute&quot;:&quot;0&quot;,&quot;advanced_stock_management&quot;:&quot;0&quot;,&quot;date_add&quot;:&quot;2025-02-06 00:00:00&quot;,&quot;date_upd&quot;:&quot;2025-03-06 15:45:57&quot;,&quot;pack_stock_type&quot;:&quot;3&quot;,&quot;meta_description&quot;:&quot;Grafitinu0117s ploku0161telu0117s naudojamos vakuumo siurblyje PV250.&quot;,&quot;meta_keywords&quot;:&quot;&quot;,&quot;meta_title&quot;:&quot;Vakuumo ploku0161telu0117 siurbliui PV250 9002357&quot;,&quot;link_rewrite&quot;:&quot;vakuumo-plokstele-siurbliui-pv250-9002357&quot;,&quot;name&quot;:&quot;Vakuumo ploku0161telu0117 siurbliui PV250 9002357&quot;,&quot;description&quot;:&quot;Grafitinu0117s ploku0161telu0117s naudojamos vakuumo siurblyje PV250.&quot;,&quot;description_short&quot;:&quot;&quot;,&quot;available_now&quot;:&quot;&quot;,&quot;available_later&quot;:&quot;&quot;,&quot;id&quot;:12864,&quot;id_product&quot;:12864,&quot;out_of_stock&quot;:2,&quot;new&quot;:0,&quot;id_product_attribute&quot;:&quot;0&quot;,&quot;quantity_wanted&quot;:1,&quot;extraContent&quot;:[],&quot;allow_oosp&quot;:0,&quot;category&quot;:&quot;melzimo-irangos-dalys&quot;,&quot;category_name&quot;:&quot;Melu017eimo u012frangos dalys&quot;,&quot;link&quot;:&quot;https:\/\/lytagra.lt\/gyvulininkystes-ir-bei-prekes\/melzimo-iranga-reikmenys-atsargines-dalys\/melzimo-irangos-dalys\/vakuumo-plokstele-siurbliui-pv250-9002357&quot;,&quot;attribute_price&quot;:0,&quot;price_tax_exc&quot;:14.429752,&quot;price_without_reduction&quot;:17.46,&quot;reduction&quot;:0,&quot;specific_prices&quot;:[],&quot;quantity&quot;:32,&quot;quantity_all_versions&quot;:32,&quot;id_image&quot;:&quot;lt-default&quot;,&quot;features&quot;:[{&quot;name&quot;:&quot;Ilgis&quot;,&quot;value&quot;:&quot;66 mm&quot;,&quot;id_feature&quot;:&quot;2&quot;,&quot;position&quot;:&quot;1&quot;},{&quot;name&quot;:&quot;Medu017eiaga&quot;,&quot;value&quot;:&quot;Grafitas&quot;,&quot;id_feature&quot;:&quot;3&quot;,&quot;position&quot;:&quot;8&quot;},{&quot;name&quot;:&quot;Plotis&quot;,&quot;value&quot;:&quot;45 mm&quot;,&quot;id_feature&quot;:&quot;4&quot;,&quot;position&quot;:&quot;9&quot;},{&quot;name&quot;:&quot;Storis&quot;,&quot;value&quot;:&quot;6 mm&quot;,&quot;id_feature&quot;:&quot;15&quot;,&quot;position&quot;:&quot;19&quot;}],&quot;attachments&quot;:[],&quot;virtual&quot;:0,&quot;pack&quot;:0,&quot;packItems&quot;:[],&quot;nopackprice&quot;:0,&quot;customization_required&quot;:false,&quot;rate&quot;:21,&quot;tax_name&quot;:&quot;PVM LT 21%&quot;,&quot;ecotax_rate&quot;:0,&quot;unit_price&quot;:&quot;&quot;,&quot;customizations&quot;:{&quot;fields&quot;:[]},&quot;id_customization&quot;:0,&quot;is_customizable&quot;:false,&quot;show_quantities&quot;:true,&quot;quantity_label&quot;:&quot;Preku0117s&quot;,&quot;quantity_discounts&quot;:[],&quot;customer_group_discount&quot;:0,&quot;images&quot;:[{&quot;bySize&quot;:{&quot;small_default&quot;:{&quot;url&quot;:&quot;https:\/\/lytagra.lt\/35136-small_default\/vakuumo-plokstele-siurbliui-pv250-9002357.jpg&quot;,&quot;width&quot;:98,&quot;height&quot;:98},&quot;cart_default&quot;:{&quot;url&quot;:&quot;https:\/\/lytagra.lt\/35136-cart_default\/vakuumo-plokstele-siurbliui-pv250-9002357.jpg&quot;,&quot;width&quot;:125,&quot;height&quot;:125},&quot;home_default&quot;:{&quot;url&quot;:&quot;https:\/\/lytagra.lt\/35136-home_default\/vakuumo-plokstele-siurbliui-pv250-9002357.jpg&quot;,&quot;width&quot;:252,&quot;height&quot;:252},&quot;medium_default&quot;:{&quot;url&quot;:&quot;https:\/\/lytagra.lt\/35136-medium_default\/vakuumo-plokstele-siurbliui-pv250-9002357.jpg&quot;,&quot;width&quot;:452,&quot;height&quot;:452},&quot;large_custom&quot;:{&quot;url&quot;:&quot;https:\/\/lytagra.lt\/35136-large_custom\/vakuumo-plokstele-siurbliui-pv250-9002357.jpg&quot;,&quot;width&quot;:800,&quot;height&quot;:800},&quot;large_default&quot;:{&quot;url&quot;:&quot;https:\/\/lytagra.lt\/35136-large_default\/vakuumo-plokstele-siurbliui-pv250-9002357.jpg&quot;,&quot;width&quot;:800,&quot;height&quot;:800}},&quot;small&quot;:{&quot;url&quot;:&quot;https:\/\/lytagra.lt\/35136-small_default\/vakuumo-plokstele-siurbliui-pv250-9002357.jpg&quot;,&quot;width&quot;:98,&quot;height&quot;:98},&quot;medium&quot;:{&quot;url&quot;:&quot;https:\/\/lytagra.lt\/35136-medium_default\/vakuumo-plokstele-siurbliui-pv250-9002357.jpg&quot;,&quot;width&quot;:452,&quot;height&quot;:452},&quot;large&quot;:{&quot;url&quot;:&quot;https:\/\/lytagra.lt\/35136-large_default\/vakuumo-plokstele-siurbliui-pv250-9002357.jpg&quot;,&quot;width&quot;:800,&quot;height&quot;:800},&quot;legend&quot;:&quot;9002357 PLOKu0160TELu0116 SIURBLIUI PV250&quot;,&quot;id_image&quot;:&quot;35136&quot;,&quot;cover&quot;:&quot;1&quot;,&quot;position&quot;:&quot;1&quot;,&quot;associatedVariants&quot;:[]}],&quot;cover&quot;:{&quot;bySize&quot;:{&quot;small_default&quot;:{&quot;url&quot;:&quot;https:\/\/lytagra.lt\/35136-small_default\/vakuumo-plokstele-siurbliui-pv250-9002357.jpg&quot;,&quot;width&quot;:98,&quot;height&quot;:98},&quot;cart_default&quot;:{&quot;url&quot;:&quot;https:\/\/lytagra.lt\/35136-cart_default\/vakuumo-plokstele-siurbliui-pv250-9002357.jpg&quot;,&quot;width&quot;:125,&quot;height&quot;:125},&quot;home_default&quot;:{&quot;url&quot;:&quot;https:\/\/lytagra.lt\/35136-home_default\/vakuumo-plokstele-siurbliui-pv250-9002357.jpg&quot;,&quot;width&quot;:252,&quot;height&quot;:252},&quot;medium_default&quot;:{&quot;url&quot;:&quot;https:\/\/lytagra.lt\/35136-medium_default\/vakuumo-plokstele-siurbliui-pv250-9002357.jpg&quot;,&quot;width&quot;:452,&quot;height&quot;:452},&quot;large_custom&quot;:{&quot;url&quot;:&quot;https:\/\/lytagra.lt\/35136-large_custom\/vakuumo-plokstele-siurbliui-pv250-9002357.jpg&quot;,&quot;width&quot;:800,&quot;height&quot;:800},&quot;large_default&quot;:{&quot;url&quot;:&quot;https:\/\/lytagra.lt\/35136-large_default\/vakuumo-plokstele-siurbliui-pv250-9002357.jpg&quot;,&quot;width&quot;:800,&quot;height&quot;:800}},&quot;small&quot;:{&quot;url&quot;:&quot;https:\/\/lytagra.lt\/35136-small_default\/vakuumo-plokstele-siurbliui-pv250-9002357.jpg&quot;,&quot;width&quot;:98,&quot;height&quot;:98},&quot;medium&quot;:{&quot;url&quot;:&quot;https:\/\/lytagra.lt\/35136-medium_default\/vakuumo-plokstele-siurbliui-pv250-9002357.jpg&quot;,&quot;width&quot;:452,&quot;height&quot;:452},&quot;large&quot;:{&quot;url&quot;:&quot;https:\/\/lytagra.lt\/35136-large_default\/vakuumo-plokstele-siurbliui-pv250-9002357.jpg&quot;,&quot;width&quot;:800,&quot;height&quot;:800},&quot;legend&quot;:&quot;9002357 PLOKu0160TELu0116 SIURBLIUI PV250&quot;,&quot;id_image&quot;:&quot;35136&quot;,&quot;cover&quot;:&quot;1&quot;,&quot;position&quot;:&quot;1&quot;,&quot;associatedVariants&quot;:[]},&quot;has_discount&quot;:false,&quot;discount_type&quot;:null,&quot;discount_percentage&quot;:null,&quot;discount_percentage_absolute&quot;:null,&quot;discount_amount&quot;:null,&quot;discount_amount_to_display&quot;:null,&quot;price_amount&quot;:17.46,&quot;unit_price_full&quot;:&quot;&quot;,&quot;show_availability&quot;:true,&quot;availability_date&quot;:null,&quot;availability_message&quot;:&quot;Uu017esakymu0173 vykdymo terminas 1 - 3 d.d. [yra iu0161imu010diu0173]&quot;,&quot;availability&quot;:&quot;available&quot;}\">\n<section class=\"product-features row\">\n<div class=\"features-title\">\n<p class=\"h5\">Prek\u0117s savyb\u0117s<\/p>\n<\/div>\n<div class=\"data-sheet\">\n<div class=\"line col-xs-12 col-md-6\">\n<div>\n<div class=\"name col-xs-6\">Med\u017eiaga<\/div>\n<div class=\"value col-xs-6\">Grafitas<\/div>\n<\/div>\n<\/div>\n<div class=\"line col-xs-12 col-md-6\">\n<div>\n<div class=\"name col-xs-6\">Ilgis<\/div>\n<div class=\"value col-xs-6\">86 mm<\/div>\n<\/div>\n<\/div>\n<div class=\"line col-xs-12 col-md-6\">\n<div>\n<div class=\"name col-xs-6\">Plotis<\/div>\n<div class=\"value col-xs-6\">40 mm<\/div>\n<\/div>\n<\/div>\n<div class=\"line col-xs-12 col-md-6\">\n<div>\n<div class=\"name col-xs-6\">Storis<\/div>\n<div class=\"value col-xs-6\">4,9 mm<\/div>\n<\/div>\n<\/div>\n<\/div>\n<\/section>\n<\/div>\n<\/div>\n","protected":false},"excerpt":{"rendered":"<p>Grafitin\u0117s plok\u0161tel\u0117s naudojamos vakuumo siurblyje Prek\u0117s savyb\u0117s Med\u017eiaga Grafitas Ilgis 86 mm Plotis 40 mm Storis 4,9 mm<\/p>","protected":false},"featured_media":3540,"comment_status":"open","ping_status":"closed","template":"","meta":{"om_disable_all_campaigns":false,"_uag_custom_page_level_css":"","_monsterinsights_skip_tracking":false,"_monsterinsights_sitenote_active":false,"_monsterinsights_sitenote_note":"","_monsterinsights_sitenote_category":0,"site-sidebar-layout":"default","site-content-layout":"","ast-site-content-layout":"default","site-content-style":"default","site-sidebar-style":"default","ast-global-header-display":"","ast-banner-title-visibility":"","ast-main-header-display":"","ast-hfb-above-header-display":"","ast-hfb-below-header-display":"","ast-hfb-mobile-header-display":"","site-post-title":"","ast-breadcrumbs-content":"","ast-featured-img":"","footer-sml-layout":"","ast-disable-related-posts":"","theme-transparent-header-meta":"","adv-header-id-meta":"","stick-header-meta":"","header-above-stick-meta":"","header-main-stick-meta":"","header-below-stick-meta":"","astra-migrate-meta-layouts":"default","ast-page-background-enabled":"default","ast-page-background-meta":{"desktop":{"background-color":"var(--ast-global-color-4)","background-image":"","background-repeat":"repeat","background-position":"center center","background-size":"auto","background-attachment":"scroll","background-type":"","background-media":"","overlay-type":"","overlay-color":"","overlay-opacity":"","overlay-gradient":""},"tablet":{"background-color":"","background-image":"","background-repeat":"repeat","background-position":"center center","background-size":"auto","background-attachment":"scroll","background-type":"","background-media":"","overlay-type":"","overlay-color":"","overlay-opacity":"","overlay-gradient":""},"mobile":{"background-color":"","background-image":"","background-repeat":"repeat","background-position":"center center","background-size":"auto","background-attachment":"scroll","background-type":"","background-media":"","overlay-type":"","overlay-color":"","overlay-opacity":"","overlay-gradient":""}},"ast-content-background-meta":{"desktop":{"background-color":"var(--ast-global-color-5)","background-image":"","background-repeat":"repeat","background-position":"center center","background-size":"auto","background-attachment":"scroll","background-type":"","background-media":"","overlay-type":"","overlay-color":"","overlay-opacity":"","overlay-gradient":""},"tablet":{"background-color":"var(--ast-global-color-5)","background-image":"","background-repeat":"repeat","background-position":"center center","background-size":"auto","background-attachment":"scroll","background-type":"","background-media":"","overlay-type":"","overlay-color":"","overlay-opacity":"","overlay-gradient":""},"mobile":{"background-color":"var(--ast-global-color-5)","background-image":"","background-repeat":"repeat","background-position":"center center","background-size":"auto","background-attachment":"scroll","background-type":"","background-media":"","overlay-type":"","overlay-color":"","overlay-opacity":"","overlay-gradient":""}}},"product_brand":[],"product_cat":[42,104],"product_tag":[],"class_list":{"0":"post-3501","1":"product","2":"type-product","3":"status-publish","4":"has-post-thumbnail","6":"product_cat-maasfarm","7":"product_cat-vakuumo-siurbliai-ir-ju-dalys","8":"desktop-align-left","9":"tablet-align-left","10":"mobile-align-left","12":"first","13":"instock","14":"taxable","15":"shipping-taxable","16":"purchasable","17":"product-type-simple"},"aioseo_notices":[],"uagb_featured_image_src":{"full":["https:\/\/maasgroup.eu\/wp-content\/uploads\/2026\/02\/Larta-siurblio-grafitines-ploksteles-500x570-1.png",500,570,false],"thumbnail":["https:\/\/maasgroup.eu\/wp-content\/uploads\/2026\/02\/Larta-siurblio-grafitines-ploksteles-500x570-1-150x150.png",150,150,true],"medium":["https:\/\/maasgroup.eu\/wp-content\/uploads\/2026\/02\/Larta-siurblio-grafitines-ploksteles-500x570-1-263x300.png",263,300,true],"medium_large":["https:\/\/maasgroup.eu\/wp-content\/uploads\/2026\/02\/Larta-siurblio-grafitines-ploksteles-500x570-1.png",500,570,false],"large":["https:\/\/maasgroup.eu\/wp-content\/uploads\/2026\/02\/Larta-siurblio-grafitines-ploksteles-500x570-1.png",500,570,false],"1536x1536":["https:\/\/maasgroup.eu\/wp-content\/uploads\/2026\/02\/Larta-siurblio-grafitines-ploksteles-500x570-1.png",500,570,false],"2048x2048":["https:\/\/maasgroup.eu\/wp-content\/uploads\/2026\/02\/Larta-siurblio-grafitines-ploksteles-500x570-1.png",500,570,false],"trp-custom-language-flag":["https:\/\/maasgroup.eu\/wp-content\/uploads\/2026\/02\/Larta-siurblio-grafitines-ploksteles-500x570-1-11x12.png",11,12,true],"woocommerce_thumbnail":["https:\/\/maasgroup.eu\/wp-content\/uploads\/2026\/02\/Larta-siurblio-grafitines-ploksteles-500x570-1.png",500,570,false],"woocommerce_single":["https:\/\/maasgroup.eu\/wp-content\/uploads\/2026\/02\/Larta-siurblio-grafitines-ploksteles-500x570-1.png",500,570,false],"woocommerce_gallery_thumbnail":["https:\/\/maasgroup.eu\/wp-content\/uploads\/2026\/02\/Larta-siurblio-grafitines-ploksteles-500x570-1-100x100.png",100,100,true]},"uagb_author_info":{"display_name":"Raimondas Serva","author_link":"https:\/\/maasgroup.eu\/lv\/author\/"},"uagb_comment_info":0,"uagb_excerpt":"Grafitin\u0117s plok\u0161tel\u0117s naudojamos vakuumo siurblyje Prek\u0117s savyb\u0117s Med\u017eiaga Grafitas Ilgis 86 mm Plotis 40 mm Storis 4,9 mm","_links":{"self":[{"href":"https:\/\/maasgroup.eu\/lv\/wp-json\/wp\/v2\/product\/3501","targetHints":{"allow":["GET"]}}],"collection":[{"href":"https:\/\/maasgroup.eu\/lv\/wp-json\/wp\/v2\/product"}],"about":[{"href":"https:\/\/maasgroup.eu\/lv\/wp-json\/wp\/v2\/types\/product"}],"replies":[{"embeddable":true,"href":"https:\/\/maasgroup.eu\/lv\/wp-json\/wp\/v2\/comments?post=3501"}],"wp:featuredmedia":[{"embeddable":true,"href":"https:\/\/maasgroup.eu\/lv\/wp-json\/wp\/v2\/media\/3540"}],"wp:attachment":[{"href":"https:\/\/maasgroup.eu\/lv\/wp-json\/wp\/v2\/media?parent=3501"}],"wp:term":[{"taxonomy":"product_brand","embeddable":true,"href":"https:\/\/maasgroup.eu\/lv\/wp-json\/wp\/v2\/product_brand?post=3501"},{"taxonomy":"product_cat","embeddable":true,"href":"https:\/\/maasgroup.eu\/lv\/wp-json\/wp\/v2\/product_cat?post=3501"},{"taxonomy":"product_tag","embeddable":true,"href":"https:\/\/maasgroup.eu\/lv\/wp-json\/wp\/v2\/product_tag?post=3501"}],"curies":[{"name":"wp","href":"https:\/\/api.w.org\/{rel}","templated":true}]}}