{"id":2905,"date":"2026-02-08T15:37:04","date_gmt":"2026-02-08T15:37:04","guid":{"rendered":"https:\/\/maasgroup.eu\/?post_type=product&#038;p=2905"},"modified":"2026-02-09T14:45:05","modified_gmt":"2026-02-09T14:45:05","slug":"melzikliai-10-4vnt-m2065","status":"publish","type":"product","link":"https:\/\/maasgroup.eu\/lv\/product\/melzikliai-10-4vnt-m2065\/","title":{"rendered":"mel\u017eikliai 10&#8221;  (4vnt) M2065"},"content":{"rendered":"<p>Tinka mobilioms ir stacionarioms mel\u017eimo ma\u0161imoms<br \/>\nKomplektas 4vnt<br \/>\nIlgis 310mm<br \/>\nMed\u017eiaga: guma<\/p>","protected":false},"excerpt":{"rendered":"<p>Tinka mobilioms ir stacionarioms mel\u017eimo ma\u0161imoms Komplektas 4vnt Ilgis 310mm Med\u017eiaga: guma<\/p>","protected":false},"featured_media":2936,"comment_status":"open","ping_status":"closed","template":"","meta":{"om_disable_all_campaigns":false,"_uag_custom_page_level_css":"","_monsterinsights_skip_tracking":false,"_monsterinsights_sitenote_active":false,"_monsterinsights_sitenote_note":"","_monsterinsights_sitenote_category":0,"site-sidebar-layout":"default","site-content-layout":"","ast-site-content-layout":"default","site-content-style":"default","site-sidebar-style":"default","ast-global-header-display":"","ast-banner-title-visibility":"","ast-main-header-display":"","ast-hfb-above-header-display":"","ast-hfb-below-header-display":"","ast-hfb-mobile-header-display":"","site-post-title":"","ast-breadcrumbs-content":"","ast-featured-img":"","footer-sml-layout":"","ast-disable-related-posts":"","theme-transparent-header-meta":"default","adv-header-id-meta":"","stick-header-meta":"","header-above-stick-meta":"","header-main-stick-meta":"","header-below-stick-meta":"","astra-migrate-meta-layouts":"set","ast-page-background-enabled":"default","ast-page-background-meta":{"desktop":{"background-color":"var(--ast-global-color-4)","background-image":"","background-repeat":"repeat","background-position":"center center","background-size":"auto","background-attachment":"scroll","background-type":"","background-media":"","overlay-type":"","overlay-color":"","overlay-opacity":"","overlay-gradient":""},"tablet":{"background-color":"","background-image":"","background-repeat":"repeat","background-position":"center center","background-size":"auto","background-attachment":"scroll","background-type":"","background-media":"","overlay-type":"","overlay-color":"","overlay-opacity":"","overlay-gradient":""},"mobile":{"background-color":"","background-image":"","background-repeat":"repeat","background-position":"center center","background-size":"auto","background-attachment":"scroll","background-type":"","background-media":"","overlay-type":"","overlay-color":"","overlay-opacity":"","overlay-gradient":""}},"ast-content-background-meta":{"desktop":{"background-color":"var(--ast-global-color-5)","background-image":"","background-repeat":"repeat","background-position":"center center","background-size":"auto","background-attachment":"scroll","background-type":"","background-media":"","overlay-type":"","overlay-color":"","overlay-opacity":"","overlay-gradient":""},"tablet":{"background-color":"var(--ast-global-color-5)","background-image":"","background-repeat":"repeat","background-position":"center center","background-size":"auto","background-attachment":"scroll","background-type":"","background-media":"","overlay-type":"","overlay-color":"","overlay-opacity":"","overlay-gradient":""},"mobile":{"background-color":"var(--ast-global-color-5)","background-image":"","background-repeat":"repeat","background-position":"center center","background-size":"auto","background-attachment":"scroll","background-type":"","background-media":"","overlay-type":"","overlay-color":"","overlay-opacity":"","overlay-gradient":""}}},"product_brand":[],"product_cat":[101,42,111],"product_tag":[],"class_list":{"0":"post-2905","1":"product","2":"type-product","3":"status-publish","4":"has-post-thumbnail","6":"product_cat-gyvulininkystes-prekes","7":"product_cat-maasfarm","8":"product_cat-melzikliai","9":"desktop-align-left","10":"tablet-align-left","11":"mobile-align-left","13":"first","14":"instock","15":"taxable","16":"shipping-taxable","17":"purchasable","18":"product-type-simple"},"aioseo_notices":[],"uagb_featured_image_src":{"full":["https:\/\/maasgroup.eu\/wp-content\/uploads\/2026\/02\/Ekrano-nuotrauka-2025-01-07-164235.png",782,272,false],"thumbnail":["https:\/\/maasgroup.eu\/wp-content\/uploads\/2026\/02\/Ekrano-nuotrauka-2025-01-07-164235-150x150.png",150,150,true],"medium":["https:\/\/maasgroup.eu\/wp-content\/uploads\/2026\/02\/Ekrano-nuotrauka-2025-01-07-164235-300x104.png",300,104,true],"medium_large":["https:\/\/maasgroup.eu\/wp-content\/uploads\/2026\/02\/Ekrano-nuotrauka-2025-01-07-164235-768x267.png",768,267,true],"large":["https:\/\/maasgroup.eu\/wp-content\/uploads\/2026\/02\/Ekrano-nuotrauka-2025-01-07-164235.png",782,272,false],"1536x1536":["https:\/\/maasgroup.eu\/wp-content\/uploads\/2026\/02\/Ekrano-nuotrauka-2025-01-07-164235.png",782,272,false],"2048x2048":["https:\/\/maasgroup.eu\/wp-content\/uploads\/2026\/02\/Ekrano-nuotrauka-2025-01-07-164235.png",782,272,false],"trp-custom-language-flag":["https:\/\/maasgroup.eu\/wp-content\/uploads\/2026\/02\/Ekrano-nuotrauka-2025-01-07-164235-18x6.png",18,6,true],"woocommerce_thumbnail":["https:\/\/maasgroup.eu\/wp-content\/uploads\/2026\/02\/Ekrano-nuotrauka-2025-01-07-164235-600x209.png",600,209,true],"woocommerce_single":["https:\/\/maasgroup.eu\/wp-content\/uploads\/2026\/02\/Ekrano-nuotrauka-2025-01-07-164235-600x209.png",600,209,true],"woocommerce_gallery_thumbnail":["https:\/\/maasgroup.eu\/wp-content\/uploads\/2026\/02\/Ekrano-nuotrauka-2025-01-07-164235-100x100.png",100,100,true]},"uagb_author_info":{"display_name":"Raimondas Serva","author_link":"https:\/\/maasgroup.eu\/lv\/author\/"},"uagb_comment_info":0,"uagb_excerpt":"Tinka mobilioms ir stacionarioms mel\u017eimo ma\u0161imoms Komplektas 4vnt Ilgis 310mm Med\u017eiaga: guma","_links":{"self":[{"href":"https:\/\/maasgroup.eu\/lv\/wp-json\/wp\/v2\/product\/2905","targetHints":{"allow":["GET"]}}],"collection":[{"href":"https:\/\/maasgroup.eu\/lv\/wp-json\/wp\/v2\/product"}],"about":[{"href":"https:\/\/maasgroup.eu\/lv\/wp-json\/wp\/v2\/types\/product"}],"replies":[{"embeddable":true,"href":"https:\/\/maasgroup.eu\/lv\/wp-json\/wp\/v2\/comments?post=2905"}],"wp:featuredmedia":[{"embeddable":true,"href":"https:\/\/maasgroup.eu\/lv\/wp-json\/wp\/v2\/media\/2936"}],"wp:attachment":[{"href":"https:\/\/maasgroup.eu\/lv\/wp-json\/wp\/v2\/media?parent=2905"}],"wp:term":[{"taxonomy":"product_brand","embeddable":true,"href":"https:\/\/maasgroup.eu\/lv\/wp-json\/wp\/v2\/product_brand?post=2905"},{"taxonomy":"product_cat","embeddable":true,"href":"https:\/\/maasgroup.eu\/lv\/wp-json\/wp\/v2\/product_cat?post=2905"},{"taxonomy":"product_tag","embeddable":true,"href":"https:\/\/maasgroup.eu\/lv\/wp-json\/wp\/v2\/product_tag?post=2905"}],"curies":[{"name":"wp","href":"https:\/\/api.w.org\/{rel}","templated":true}]}}