{"id":2896,"date":"2026-02-08T15:36:58","date_gmt":"2026-02-08T15:36:58","guid":{"rendered":"https:\/\/maasgroup.eu\/?post_type=product&#038;p=2896"},"modified":"2026-02-08T15:37:08","modified_gmt":"2026-02-08T15:37:08","slug":"nerudijancio-plieno-melzimo-bakelis-su-melzimo-aparatu-karvems","status":"publish","type":"product","link":"https:\/\/maasgroup.eu\/lv\/product\/nerudijancio-plieno-melzimo-bakelis-su-melzimo-aparatu-karvems\/","title":{"rendered":"Ner\u016bdijan\u010dio plieno mel\u017eimo bakelis su mel\u017eimo aparatu karv\u0117ms"},"content":{"rendered":"<p>Pilna mel\u017eimo skardin\u0117, ner\u016bdijan\u010dio plieno, talpa 25 l<br \/>\nKolektorius pagamintas i\u0161 patvaraus plastiko, kurio talpa 240 ml<br \/>\n\u012ed\u0117klai 8 skersmens,<br \/>\nNer\u016bdijan\u010dio plieno puodelis 155 x 44 x 17 mm<br \/>\npneumatinis pulsatorius M2031 tipo<br \/>\nPieno vamzdis 1,5 m<\/p>","protected":false},"excerpt":{"rendered":"<p>Pilna mel\u017eimo skardin\u0117, ner\u016bdijan\u010dio plieno, talpa 25 l Kolektorius pagamintas i\u0161 patvaraus plastiko, kurio talpa 240 ml \u012ed\u0117klai 8 skersmens, Ner\u016bdijan\u010dio plieno puodelis 155 x 44 x 17 mm pneumatinis pulsatorius M2031 tipo Pieno vamzdis 1,5 m<\/p>","protected":false},"featured_media":2929,"comment_status":"open","ping_status":"closed","template":"","meta":{"om_disable_all_campaigns":false,"_uag_custom_page_level_css":"","_monsterinsights_skip_tracking":false,"_monsterinsights_sitenote_active":false,"_monsterinsights_sitenote_note":"","_monsterinsights_sitenote_category":0,"site-sidebar-layout":"default","site-content-layout":"","ast-site-content-layout":"default","site-content-style":"default","site-sidebar-style":"default","ast-global-header-display":"","ast-banner-title-visibility":"","ast-main-header-display":"","ast-hfb-above-header-display":"","ast-hfb-below-header-display":"","ast-hfb-mobile-header-display":"","site-post-title":"","ast-breadcrumbs-content":"","ast-featured-img":"","footer-sml-layout":"","ast-disable-related-posts":"","theme-transparent-header-meta":"","adv-header-id-meta":"","stick-header-meta":"","header-above-stick-meta":"","header-main-stick-meta":"","header-below-stick-meta":"","astra-migrate-meta-layouts":"default","ast-page-background-enabled":"default","ast-page-background-meta":{"desktop":{"background-color":"var(--ast-global-color-4)","background-image":"","background-repeat":"repeat","background-position":"center center","background-size":"auto","background-attachment":"scroll","background-type":"","background-media":"","overlay-type":"","overlay-color":"","overlay-opacity":"","overlay-gradient":""},"tablet":{"background-color":"","background-image":"","background-repeat":"repeat","background-position":"center center","background-size":"auto","background-attachment":"scroll","background-type":"","background-media":"","overlay-type":"","overlay-color":"","overlay-opacity":"","overlay-gradient":""},"mobile":{"background-color":"","background-image":"","background-repeat":"repeat","background-position":"center center","background-size":"auto","background-attachment":"scroll","background-type":"","background-media":"","overlay-type":"","overlay-color":"","overlay-opacity":"","overlay-gradient":""}},"ast-content-background-meta":{"desktop":{"background-color":"var(--ast-global-color-5)","background-image":"","background-repeat":"repeat","background-position":"center center","background-size":"auto","background-attachment":"scroll","background-type":"","background-media":"","overlay-type":"","overlay-color":"","overlay-opacity":"","overlay-gradient":""},"tablet":{"background-color":"var(--ast-global-color-5)","background-image":"","background-repeat":"repeat","background-position":"center center","background-size":"auto","background-attachment":"scroll","background-type":"","background-media":"","overlay-type":"","overlay-color":"","overlay-opacity":"","overlay-gradient":""},"mobile":{"background-color":"var(--ast-global-color-5)","background-image":"","background-repeat":"repeat","background-position":"center center","background-size":"auto","background-attachment":"scroll","background-type":"","background-media":"","overlay-type":"","overlay-color":"","overlay-opacity":"","overlay-gradient":""}}},"product_brand":[],"product_cat":[110],"product_tag":[],"class_list":{"0":"post-2896","1":"product","2":"type-product","3":"status-publish","4":"has-post-thumbnail","6":"product_cat-melzimo-aparatai","7":"desktop-align-left","8":"tablet-align-left","9":"mobile-align-left","11":"first","12":"instock","13":"taxable","14":"shipping-taxable","15":"purchasable","16":"product-type-simple"},"aioseo_notices":[],"uagb_featured_image_src":{"full":["https:\/\/maasgroup.eu\/wp-content\/uploads\/2026\/02\/01_6063_1_1_899a.webp",415,500,false],"thumbnail":["https:\/\/maasgroup.eu\/wp-content\/uploads\/2026\/02\/01_6063_1_1_899a-150x150.webp",150,150,true],"medium":["https:\/\/maasgroup.eu\/wp-content\/uploads\/2026\/02\/01_6063_1_1_899a-249x300.webp",249,300,true],"medium_large":["https:\/\/maasgroup.eu\/wp-content\/uploads\/2026\/02\/01_6063_1_1_899a.webp",415,500,false],"large":["https:\/\/maasgroup.eu\/wp-content\/uploads\/2026\/02\/01_6063_1_1_899a.webp",415,500,false],"1536x1536":["https:\/\/maasgroup.eu\/wp-content\/uploads\/2026\/02\/01_6063_1_1_899a.webp",415,500,false],"2048x2048":["https:\/\/maasgroup.eu\/wp-content\/uploads\/2026\/02\/01_6063_1_1_899a.webp",415,500,false],"trp-custom-language-flag":["https:\/\/maasgroup.eu\/wp-content\/uploads\/2026\/02\/01_6063_1_1_899a-10x12.webp",10,12,true],"woocommerce_thumbnail":["https:\/\/maasgroup.eu\/wp-content\/uploads\/2026\/02\/01_6063_1_1_899a.webp",415,500,false],"woocommerce_single":["https:\/\/maasgroup.eu\/wp-content\/uploads\/2026\/02\/01_6063_1_1_899a.webp",415,500,false],"woocommerce_gallery_thumbnail":["https:\/\/maasgroup.eu\/wp-content\/uploads\/2026\/02\/01_6063_1_1_899a-100x100.webp",100,100,true]},"uagb_author_info":{"display_name":"Raimondas Serva","author_link":"https:\/\/maasgroup.eu\/lv\/author\/"},"uagb_comment_info":0,"uagb_excerpt":"Pilna mel\u017eimo skardin\u0117, ner\u016bdijan\u010dio plieno, talpa 25 l Kolektorius pagamintas i\u0161 patvaraus plastiko, kurio talpa 240 ml \u012ed\u0117klai 8 skersmens, Ner\u016bdijan\u010dio plieno puodelis 155 x 44 x 17 mm pneumatinis pulsatorius M2031 tipo Pieno vamzdis 1,5 m","_links":{"self":[{"href":"https:\/\/maasgroup.eu\/lv\/wp-json\/wp\/v2\/product\/2896","targetHints":{"allow":["GET"]}}],"collection":[{"href":"https:\/\/maasgroup.eu\/lv\/wp-json\/wp\/v2\/product"}],"about":[{"href":"https:\/\/maasgroup.eu\/lv\/wp-json\/wp\/v2\/types\/product"}],"replies":[{"embeddable":true,"href":"https:\/\/maasgroup.eu\/lv\/wp-json\/wp\/v2\/comments?post=2896"}],"wp:featuredmedia":[{"embeddable":true,"href":"https:\/\/maasgroup.eu\/lv\/wp-json\/wp\/v2\/media\/2929"}],"wp:attachment":[{"href":"https:\/\/maasgroup.eu\/lv\/wp-json\/wp\/v2\/media?parent=2896"}],"wp:term":[{"taxonomy":"product_brand","embeddable":true,"href":"https:\/\/maasgroup.eu\/lv\/wp-json\/wp\/v2\/product_brand?post=2896"},{"taxonomy":"product_cat","embeddable":true,"href":"https:\/\/maasgroup.eu\/lv\/wp-json\/wp\/v2\/product_cat?post=2896"},{"taxonomy":"product_tag","embeddable":true,"href":"https:\/\/maasgroup.eu\/lv\/wp-json\/wp\/v2\/product_tag?post=2896"}],"curies":[{"name":"wp","href":"https:\/\/api.w.org\/{rel}","templated":true}]}}