{"id":2850,"date":"2026-02-08T15:36:30","date_gmt":"2026-02-08T15:36:30","guid":{"rendered":"https:\/\/maasgroup.eu\/?post_type=product&#038;p=2850"},"modified":"2026-02-09T15:58:57","modified_gmt":"2026-02-09T15:58:57","slug":"pieno-vamzdelis-silicone-14-x-24-mm","status":"publish","type":"product","link":"https:\/\/maasgroup.eu\/lv\/product\/pieno-vamzdelis-silicone-14-x-24-mm\/","title":{"rendered":"Pieno vamzdelis Silicone, 14 x 24 mm,"},"content":{"rendered":"<p>Silicone pieno vamzdelis pagamintas i\u0161 med\u017eiagos, atsparios valymo priemon\u0117ms.<br \/>\nJis pasi\u017eymi auk\u0161tos kokyb\u0117s med\u017eiagomis, meistri\u0161kumu ir ilgu tarnavimo laiku.<br \/>\nPagaminta naudojant geriausias \u017ealiavas.<br \/>\nAtsparus \u017eemai temperat\u016brai.<br \/>\nAtsparus plovimo skys\u010diams.<br \/>\nIlgas tarnavimo laikas.<\/p>","protected":false},"excerpt":{"rendered":"<p>Silicone pieno vamzdelis pagamintas i\u0161 med\u017eiagos, atsparios valymo priemon\u0117ms. Jis pasi\u017eymi auk\u0161tos kokyb\u0117s med\u017eiagomis, meistri\u0161kumu ir ilgu tarnavimo laiku. Pagaminta naudojant geriausias \u017ealiavas. Atsparus \u017eemai temperat\u016brai. Atsparus plovimo skys\u010diams. Ilgas tarnavimo laikas.<\/p>","protected":false},"featured_media":2880,"comment_status":"open","ping_status":"closed","template":"","meta":{"om_disable_all_campaigns":false,"_uag_custom_page_level_css":"","_monsterinsights_skip_tracking":false,"_monsterinsights_sitenote_active":false,"_monsterinsights_sitenote_note":"","_monsterinsights_sitenote_category":0,"site-sidebar-layout":"default","site-content-layout":"","ast-site-content-layout":"default","site-content-style":"default","site-sidebar-style":"default","ast-global-header-display":"","ast-banner-title-visibility":"","ast-main-header-display":"","ast-hfb-above-header-display":"","ast-hfb-below-header-display":"","ast-hfb-mobile-header-display":"","site-post-title":"","ast-breadcrumbs-content":"","ast-featured-img":"","footer-sml-layout":"","ast-disable-related-posts":"","theme-transparent-header-meta":"","adv-header-id-meta":"","stick-header-meta":"","header-above-stick-meta":"","header-main-stick-meta":"","header-below-stick-meta":"","astra-migrate-meta-layouts":"default","ast-page-background-enabled":"default","ast-page-background-meta":{"desktop":{"background-color":"var(--ast-global-color-4)","background-image":"","background-repeat":"repeat","background-position":"center center","background-size":"auto","background-attachment":"scroll","background-type":"","background-media":"","overlay-type":"","overlay-color":"","overlay-opacity":"","overlay-gradient":""},"tablet":{"background-color":"","background-image":"","background-repeat":"repeat","background-position":"center center","background-size":"auto","background-attachment":"scroll","background-type":"","background-media":"","overlay-type":"","overlay-color":"","overlay-opacity":"","overlay-gradient":""},"mobile":{"background-color":"","background-image":"","background-repeat":"repeat","background-position":"center center","background-size":"auto","background-attachment":"scroll","background-type":"","background-media":"","overlay-type":"","overlay-color":"","overlay-opacity":"","overlay-gradient":""}},"ast-content-background-meta":{"desktop":{"background-color":"var(--ast-global-color-5)","background-image":"","background-repeat":"repeat","background-position":"center center","background-size":"auto","background-attachment":"scroll","background-type":"","background-media":"","overlay-type":"","overlay-color":"","overlay-opacity":"","overlay-gradient":""},"tablet":{"background-color":"var(--ast-global-color-5)","background-image":"","background-repeat":"repeat","background-position":"center center","background-size":"auto","background-attachment":"scroll","background-type":"","background-media":"","overlay-type":"","overlay-color":"","overlay-opacity":"","overlay-gradient":""},"mobile":{"background-color":"var(--ast-global-color-5)","background-image":"","background-repeat":"repeat","background-position":"center center","background-size":"auto","background-attachment":"scroll","background-type":"","background-media":"","overlay-type":"","overlay-color":"","overlay-opacity":"","overlay-gradient":""}}},"product_brand":[],"product_cat":[42,106],"product_tag":[],"class_list":{"0":"post-2850","1":"product","2":"type-product","3":"status-publish","4":"has-post-thumbnail","6":"product_cat-maasfarm","7":"product_cat-zarnos","8":"desktop-align-left","9":"tablet-align-left","10":"mobile-align-left","12":"first","13":"instock","14":"taxable","15":"shipping-taxable","16":"purchasable","17":"product-type-simple"},"aioseo_notices":[],"uagb_featured_image_src":{"full":["https:\/\/maasgroup.eu\/wp-content\/uploads\/2026\/02\/16565_dd7e.webp",500,364,false],"thumbnail":["https:\/\/maasgroup.eu\/wp-content\/uploads\/2026\/02\/16565_dd7e-150x150.webp",150,150,true],"medium":["https:\/\/maasgroup.eu\/wp-content\/uploads\/2026\/02\/16565_dd7e-300x218.webp",300,218,true],"medium_large":["https:\/\/maasgroup.eu\/wp-content\/uploads\/2026\/02\/16565_dd7e.webp",500,364,false],"large":["https:\/\/maasgroup.eu\/wp-content\/uploads\/2026\/02\/16565_dd7e.webp",500,364,false],"1536x1536":["https:\/\/maasgroup.eu\/wp-content\/uploads\/2026\/02\/16565_dd7e.webp",500,364,false],"2048x2048":["https:\/\/maasgroup.eu\/wp-content\/uploads\/2026\/02\/16565_dd7e.webp",500,364,false],"trp-custom-language-flag":["https:\/\/maasgroup.eu\/wp-content\/uploads\/2026\/02\/16565_dd7e-16x12.webp",16,12,true],"woocommerce_thumbnail":["https:\/\/maasgroup.eu\/wp-content\/uploads\/2026\/02\/16565_dd7e.webp",500,364,false],"woocommerce_single":["https:\/\/maasgroup.eu\/wp-content\/uploads\/2026\/02\/16565_dd7e.webp",500,364,false],"woocommerce_gallery_thumbnail":["https:\/\/maasgroup.eu\/wp-content\/uploads\/2026\/02\/16565_dd7e-100x100.webp",100,100,true]},"uagb_author_info":{"display_name":"Raimondas Serva","author_link":"https:\/\/maasgroup.eu\/lv\/author\/"},"uagb_comment_info":0,"uagb_excerpt":"Silicone pieno vamzdelis pagamintas i\u0161 med\u017eiagos, atsparios valymo priemon\u0117ms. Jis pasi\u017eymi auk\u0161tos kokyb\u0117s med\u017eiagomis, meistri\u0161kumu ir ilgu tarnavimo laiku. Pagaminta naudojant geriausias \u017ealiavas. Atsparus \u017eemai temperat\u016brai. Atsparus plovimo skys\u010diams. Ilgas tarnavimo laikas.","_links":{"self":[{"href":"https:\/\/maasgroup.eu\/lv\/wp-json\/wp\/v2\/product\/2850","targetHints":{"allow":["GET"]}}],"collection":[{"href":"https:\/\/maasgroup.eu\/lv\/wp-json\/wp\/v2\/product"}],"about":[{"href":"https:\/\/maasgroup.eu\/lv\/wp-json\/wp\/v2\/types\/product"}],"replies":[{"embeddable":true,"href":"https:\/\/maasgroup.eu\/lv\/wp-json\/wp\/v2\/comments?post=2850"}],"wp:featuredmedia":[{"embeddable":true,"href":"https:\/\/maasgroup.eu\/lv\/wp-json\/wp\/v2\/media\/2880"}],"wp:attachment":[{"href":"https:\/\/maasgroup.eu\/lv\/wp-json\/wp\/v2\/media?parent=2850"}],"wp:term":[{"taxonomy":"product_brand","embeddable":true,"href":"https:\/\/maasgroup.eu\/lv\/wp-json\/wp\/v2\/product_brand?post=2850"},{"taxonomy":"product_cat","embeddable":true,"href":"https:\/\/maasgroup.eu\/lv\/wp-json\/wp\/v2\/product_cat?post=2850"},{"taxonomy":"product_tag","embeddable":true,"href":"https:\/\/maasgroup.eu\/lv\/wp-json\/wp\/v2\/product_tag?post=2850"}],"curies":[{"name":"wp","href":"https:\/\/api.w.org\/{rel}","templated":true}]}}