{"id":2848,"date":"2026-02-08T15:36:29","date_gmt":"2026-02-08T15:36:29","guid":{"rendered":"https:\/\/maasgroup.eu\/?post_type=product&#038;p=2848"},"modified":"2026-02-08T15:36:43","modified_gmt":"2026-02-08T15:36:43","slug":"pneumatinis-pulsatorius-60-40-karvems-su-masazavimu","status":"publish","type":"product","link":"https:\/\/maasgroup.eu\/lv\/product\/pneumatinis-pulsatorius-60-40-karvems-su-masazavimu\/","title":{"rendered":"Pneimatiskais pulsators 60\/40 gov\u012bm ar mas\u0101\u017eu"},"content":{"rendered":"<p>Pneumatinis pulsatorius 60\/40, skirtas karv\u0117ms.<br \/>\n\u2022 Lengva naudoti. Tik stumkite raudon\u0105 ranken\u0117l\u0119 ir<br \/>\nsuaktyvinti masa\u017e\u0105.<br \/>\n\u2022 Kai masa\u017eas aktyvuojamas prad\u017eioje<br \/>\nmel\u017eimo proceso metu karv\u0117 atsipalaiduos ir bus<br \/>\npadidinti pieno gamyb\u0105.<br \/>\n\u2022 Vidutinis te\u0161mens masa\u017eo laikas yra 25\u201330<br \/>\nsekund\u0117s prie\u0161 mel\u017eim\u0105.<\/p>","protected":false},"excerpt":{"rendered":"<p>Pneumatinis pulsatorius 60\/40, skirtas karv\u0117ms. \u2022 Lengva naudoti. Tik stumkite raudon\u0105 ranken\u0117l\u0119 ir suaktyvinti masa\u017e\u0105. \u2022 Kai masa\u017eas aktyvuojamas prad\u017eioje mel\u017eimo proceso metu karv\u0117 atsipalaiduos ir bus padidinti pieno gamyb\u0105. \u2022 Vidutinis te\u0161mens masa\u017eo laikas yra 25\u201330 sekund\u0117s prie\u0161 mel\u017eim\u0105.<\/p>","protected":false},"featured_media":2878,"comment_status":"open","ping_status":"closed","template":"","meta":{"om_disable_all_campaigns":false,"_uag_custom_page_level_css":"","_monsterinsights_skip_tracking":false,"_monsterinsights_sitenote_active":false,"_monsterinsights_sitenote_note":"","_monsterinsights_sitenote_category":0,"site-sidebar-layout":"default","site-content-layout":"","ast-site-content-layout":"default","site-content-style":"default","site-sidebar-style":"default","ast-global-header-display":"","ast-banner-title-visibility":"","ast-main-header-display":"","ast-hfb-above-header-display":"","ast-hfb-below-header-display":"","ast-hfb-mobile-header-display":"","site-post-title":"","ast-breadcrumbs-content":"","ast-featured-img":"","footer-sml-layout":"","ast-disable-related-posts":"","theme-transparent-header-meta":"","adv-header-id-meta":"","stick-header-meta":"","header-above-stick-meta":"","header-main-stick-meta":"","header-below-stick-meta":"","astra-migrate-meta-layouts":"default","ast-page-background-enabled":"default","ast-page-background-meta":{"desktop":{"background-color":"var(--ast-global-color-4)","background-image":"","background-repeat":"repeat","background-position":"center center","background-size":"auto","background-attachment":"scroll","background-type":"","background-media":"","overlay-type":"","overlay-color":"","overlay-opacity":"","overlay-gradient":""},"tablet":{"background-color":"","background-image":"","background-repeat":"repeat","background-position":"center center","background-size":"auto","background-attachment":"scroll","background-type":"","background-media":"","overlay-type":"","overlay-color":"","overlay-opacity":"","overlay-gradient":""},"mobile":{"background-color":"","background-image":"","background-repeat":"repeat","background-position":"center center","background-size":"auto","background-attachment":"scroll","background-type":"","background-media":"","overlay-type":"","overlay-color":"","overlay-opacity":"","overlay-gradient":""}},"ast-content-background-meta":{"desktop":{"background-color":"var(--ast-global-color-5)","background-image":"","background-repeat":"repeat","background-position":"center center","background-size":"auto","background-attachment":"scroll","background-type":"","background-media":"","overlay-type":"","overlay-color":"","overlay-opacity":"","overlay-gradient":""},"tablet":{"background-color":"var(--ast-global-color-5)","background-image":"","background-repeat":"repeat","background-position":"center center","background-size":"auto","background-attachment":"scroll","background-type":"","background-media":"","overlay-type":"","overlay-color":"","overlay-opacity":"","overlay-gradient":""},"mobile":{"background-color":"var(--ast-global-color-5)","background-image":"","background-repeat":"repeat","background-position":"center center","background-size":"auto","background-attachment":"scroll","background-type":"","background-media":"","overlay-type":"","overlay-color":"","overlay-opacity":"","overlay-gradient":""}}},"product_brand":[],"product_cat":[105],"product_tag":[],"class_list":{"0":"post-2848","1":"product","2":"type-product","3":"status-publish","4":"has-post-thumbnail","6":"product_cat-pulsatoriai-ir-ju-dalys","7":"desktop-align-left","8":"tablet-align-left","9":"mobile-align-left","11":"first","12":"instock","13":"taxable","14":"shipping-taxable","15":"purchasable","16":"product-type-simple"},"aioseo_notices":[],"uagb_featured_image_src":{"full":["https:\/\/maasgroup.eu\/wp-content\/uploads\/2026\/02\/Ekrano-nuotrauka-2025-01-05-180307.png",617,475,false],"thumbnail":["https:\/\/maasgroup.eu\/wp-content\/uploads\/2026\/02\/Ekrano-nuotrauka-2025-01-05-180307-150x150.png",150,150,true],"medium":["https:\/\/maasgroup.eu\/wp-content\/uploads\/2026\/02\/Ekrano-nuotrauka-2025-01-05-180307-300x231.png",300,231,true],"medium_large":["https:\/\/maasgroup.eu\/wp-content\/uploads\/2026\/02\/Ekrano-nuotrauka-2025-01-05-180307.png",617,475,false],"large":["https:\/\/maasgroup.eu\/wp-content\/uploads\/2026\/02\/Ekrano-nuotrauka-2025-01-05-180307.png",617,475,false],"1536x1536":["https:\/\/maasgroup.eu\/wp-content\/uploads\/2026\/02\/Ekrano-nuotrauka-2025-01-05-180307.png",617,475,false],"2048x2048":["https:\/\/maasgroup.eu\/wp-content\/uploads\/2026\/02\/Ekrano-nuotrauka-2025-01-05-180307.png",617,475,false],"trp-custom-language-flag":["https:\/\/maasgroup.eu\/wp-content\/uploads\/2026\/02\/Ekrano-nuotrauka-2025-01-05-180307-16x12.png",16,12,true],"woocommerce_thumbnail":["https:\/\/maasgroup.eu\/wp-content\/uploads\/2026\/02\/Ekrano-nuotrauka-2025-01-05-180307-600x462.png",600,462,true],"woocommerce_single":["https:\/\/maasgroup.eu\/wp-content\/uploads\/2026\/02\/Ekrano-nuotrauka-2025-01-05-180307-600x462.png",600,462,true],"woocommerce_gallery_thumbnail":["https:\/\/maasgroup.eu\/wp-content\/uploads\/2026\/02\/Ekrano-nuotrauka-2025-01-05-180307-100x100.png",100,100,true]},"uagb_author_info":{"display_name":"Raimondas Serva","author_link":"https:\/\/maasgroup.eu\/lv\/author\/"},"uagb_comment_info":0,"uagb_excerpt":"Pneumatinis pulsatorius 60\/40, skirtas karv\u0117ms. \u2022 Lengva naudoti. Tik stumkite raudon\u0105 ranken\u0117l\u0119 ir suaktyvinti masa\u017e\u0105. \u2022 Kai masa\u017eas aktyvuojamas prad\u017eioje mel\u017eimo proceso metu karv\u0117 atsipalaiduos ir bus padidinti pieno gamyb\u0105. \u2022 Vidutinis te\u0161mens masa\u017eo laikas yra 25\u201330 sekund\u0117s prie\u0161 mel\u017eim\u0105.","_links":{"self":[{"href":"https:\/\/maasgroup.eu\/lv\/wp-json\/wp\/v2\/product\/2848","targetHints":{"allow":["GET"]}}],"collection":[{"href":"https:\/\/maasgroup.eu\/lv\/wp-json\/wp\/v2\/product"}],"about":[{"href":"https:\/\/maasgroup.eu\/lv\/wp-json\/wp\/v2\/types\/product"}],"replies":[{"embeddable":true,"href":"https:\/\/maasgroup.eu\/lv\/wp-json\/wp\/v2\/comments?post=2848"}],"wp:featuredmedia":[{"embeddable":true,"href":"https:\/\/maasgroup.eu\/lv\/wp-json\/wp\/v2\/media\/2878"}],"wp:attachment":[{"href":"https:\/\/maasgroup.eu\/lv\/wp-json\/wp\/v2\/media?parent=2848"}],"wp:term":[{"taxonomy":"product_brand","embeddable":true,"href":"https:\/\/maasgroup.eu\/lv\/wp-json\/wp\/v2\/product_brand?post=2848"},{"taxonomy":"product_cat","embeddable":true,"href":"https:\/\/maasgroup.eu\/lv\/wp-json\/wp\/v2\/product_cat?post=2848"},{"taxonomy":"product_tag","embeddable":true,"href":"https:\/\/maasgroup.eu\/lv\/wp-json\/wp\/v2\/product_tag?post=2848"}],"curies":[{"name":"wp","href":"https:\/\/api.w.org\/{rel}","templated":true}]}}